{"id":3614,"date":"2023-03-04T21:26:03","date_gmt":"2023-03-04T20:26:03","guid":{"rendered":"https:\/\/autopartscenter24.com\/?post_type=product&#038;p=3614"},"modified":"2023-03-10T19:25:14","modified_gmt":"2023-03-10T18:25:14","slug":"2-2-did-4hk-moottori-mitsubishi-outlander-peugeot-4007","status":"publish","type":"product","link":"https:\/\/autopartscenter24.com\/fi\/auton-varaosat\/2-2-did-4hk-moottori-mitsubishi-outlander-peugeot-4007\/","title":{"rendered":"2.2 DID &#8221;4HK&#8221; Moottori [esim. Outlander, Grandis, C-Crosser]"},"content":{"rendered":"<p>Mitsubishi 2.2 DID (moottorikoodi: 4HK) on nelisylinterinen turbodieselmoottori, jota on k\u00e4ytetty useissa Mitsubishi-malleissa. T\u00e4m\u00e4 moottori on esitelty ensimm\u00e4isen kerran vuonna 2006 ja se on tunnettu hyv\u00e4st\u00e4 suorituskyvyst\u00e4\u00e4n ja taloudellisuudestaan.<\/p>\n<p>4HK-moottorissa on rautainen sylinterilohko ja alumiininen sylinterikansi. Se k\u00e4ytt\u00e4\u00e4 DOHC (kahdet yl\u00e4puoliset nokka-akselit) venttiilien ohjaukseen, joissa on nelj\u00e4 venttiili\u00e4 per sylinteri. Moottorissa on my\u00f6s yhteispaineruiskutus, joka ruiskuttaa polttoaineen suoraan sylinteriin korkeassa paineessa.<\/p>\n<p>Moottorin iskutilavuus on 2,2 litraa, ja se tuottaa 150 hevosvoimaa (110 kW) ja maksimiv\u00e4\u00e4nt\u00f6momentti on 380 Nm (280 lb-ft) v\u00e4lill\u00e4 2 000-2 500 rpm. Se on yhdistetty joko 6-vaihteiseen manuaalivaihteistoon tai 5-vaihteiseen automaattivaihteistoon, riippuen auton mallista.<\/p>\n<p>4HK-moottorissa on my\u00f6s monipisteruiskutusj\u00e4rjestelm\u00e4, joka antaa paremman suorituskyvyn ja taloudellisuuden verrattuna vanhempiin polttoainesuihkutusj\u00e4rjestelmiin.<\/p>\n<p>Kaiken kaikkiaan Mitsubishi 2.2 DID (moottorikoodi: 4HK) on luotettava ja tehokas dieselmoottori, joka tarjoaa hyv\u00e4n suorituskyvyn ja polttoainetaloudellisuuden. Sen kehittyneet ominaisuudet, kuten yhteispaineruiskutus, tekev\u00e4t siit\u00e4 suositun vaihtoehdon kuljettajille, jotka arvostavat suorituskyky\u00e4 ja taloudellisuutta.<\/p>\n","protected":false},"excerpt":{"rendered":"<ul>\n<li>Mitsubishi Outlander (2006-2012)<\/li>\n<li>Mitsubishi Grandis (2006-2010)<\/li>\n<li>Peugeot 4007 (2007-2012)<\/li>\n<li>Citro\u00ebn C-Crosser (2007-2012)<\/li>\n<\/ul>\n","protected":false},"featured_media":4366,"template":"","meta":[],"product_brand":[],"product_cat":[316,310,315],"product_tag":[373,374,375,312],"class_list":{"0":"post-3614","1":"product","2":"type-product","3":"status-publish","4":"has-post-thumbnail","6":"product_cat-citroen","7":"product_cat-mitsubishi","8":"product_cat-peugeot","9":"product_tag-373","10":"product_tag-c-crosser","11":"product_tag-grandis","12":"product_tag-outlander","13":"pa_varaosan-osasto-moottori","16":"first","17":"instock","18":"shipping-taxable","19":"product-type-simple"},"yoast_head":"<!-- This site is optimized with the Yoast SEO plugin v26.8 - https:\/\/yoast.com\/product\/yoast-seo-wordpress\/ -->\n<title>2.2 DID &quot;4HK&quot; Moottori [esim. Outlander, Grandis, C-Crosser]<\/title>\n<meta name=\"description\" content=\"Yksi moottoreista, joita meill\u00e4 on usein saatavilla. L\u00e4het\u00e4 kysely ja saat tarjouksen 24 tunnin sis\u00e4ll\u00e4. Moottorit, vaihteistot ja muut auton osat takuul\" \/>\n<meta name=\"robots\" content=\"index, follow, max-snippet:-1, max-image-preview:large, max-video-preview:-1\" \/>\n<link rel=\"canonical\" href=\"https:\/\/autopartscenter24.com\/fi\/auton-varaosat\/2-2-did-4hk-moottori-mitsubishi-outlander-peugeot-4007\/\" \/>\n<meta property=\"og:locale\" content=\"fi_FI\" \/>\n<meta property=\"og:type\" content=\"article\" \/>\n<meta property=\"og:title\" content=\"2.2 DID &quot;4HK&quot; Moottori [esim. Outlander, Grandis, C-Crosser]\" \/>\n<meta property=\"og:description\" content=\"Yksi moottoreista, joita meill\u00e4 on usein saatavilla. L\u00e4het\u00e4 kysely ja saat tarjouksen 24 tunnin sis\u00e4ll\u00e4. Moottorit, vaihteistot ja muut auton osat takuul\" \/>\n<meta property=\"og:url\" content=\"https:\/\/autopartscenter24.com\/fi\/auton-varaosat\/2-2-did-4hk-moottori-mitsubishi-outlander-peugeot-4007\/\" \/>\n<meta property=\"og:site_name\" content=\"Autopartscenter24\" \/>\n<meta property=\"article:modified_time\" content=\"2023-03-10T18:25:14+00:00\" \/>\n<meta property=\"og:image\" content=\"https:\/\/aliceblue-termite-662564.hostingersite.com\/wp-content\/uploads\/2023\/03\/2-2-DID-4HK-moottori-mitsubishi-outlander-peugeot-4007.webp\" \/>\n\t<meta property=\"og:image:width\" content=\"800\" \/>\n\t<meta property=\"og:image:height\" content=\"600\" \/>\n\t<meta property=\"og:image:type\" content=\"image\/webp\" \/>\n<meta name=\"twitter:card\" content=\"summary_large_image\" \/>\n<meta name=\"twitter:label1\" content=\"Arvioitu lukuaika\" \/>\n\t<meta name=\"twitter:data1\" content=\"1 minuutti\" \/>\n<script type=\"application\/ld+json\" class=\"yoast-schema-graph\">{\"@context\":\"https:\/\/schema.org\",\"@graph\":[{\"@type\":\"WebPage\",\"@id\":\"https:\/\/aliceblue-termite-662564.hostingersite.com\/auton-varaosat\/2-2-did-4hk-moottori-mitsubishi-outlander-peugeot-4007\/\",\"url\":\"https:\/\/aliceblue-termite-662564.hostingersite.com\/auton-varaosat\/2-2-did-4hk-moottori-mitsubishi-outlander-peugeot-4007\/\",\"name\":\"2.2 DID \\\"4HK\\\" Moottori [esim. Outlander, Grandis, C-Crosser]\",\"isPartOf\":{\"@id\":\"https:\/\/autopartscenter24.com\/#website\"},\"primaryImageOfPage\":{\"@id\":\"https:\/\/aliceblue-termite-662564.hostingersite.com\/auton-varaosat\/2-2-did-4hk-moottori-mitsubishi-outlander-peugeot-4007\/#primaryimage\"},\"image\":{\"@id\":\"https:\/\/aliceblue-termite-662564.hostingersite.com\/auton-varaosat\/2-2-did-4hk-moottori-mitsubishi-outlander-peugeot-4007\/#primaryimage\"},\"thumbnailUrl\":\"https:\/\/autopartscenter24.com\/wp-content\/uploads\/2023\/03\/2-2-DID-4HK-moottori-mitsubishi-outlander-peugeot-4007.webp\",\"datePublished\":\"2023-03-04T20:26:03+00:00\",\"dateModified\":\"2023-03-10T18:25:14+00:00\",\"description\":\"Yksi moottoreista, joita meill\u00e4 on usein saatavilla. L\u00e4het\u00e4 kysely ja saat tarjouksen 24 tunnin sis\u00e4ll\u00e4. Moottorit, vaihteistot ja muut auton osat takuul\",\"breadcrumb\":{\"@id\":\"https:\/\/aliceblue-termite-662564.hostingersite.com\/auton-varaosat\/2-2-did-4hk-moottori-mitsubishi-outlander-peugeot-4007\/#breadcrumb\"},\"inLanguage\":\"fi\",\"potentialAction\":[{\"@type\":\"ReadAction\",\"target\":[\"https:\/\/aliceblue-termite-662564.hostingersite.com\/auton-varaosat\/2-2-did-4hk-moottori-mitsubishi-outlander-peugeot-4007\/\"]}]},{\"@type\":\"ImageObject\",\"inLanguage\":\"fi\",\"@id\":\"https:\/\/aliceblue-termite-662564.hostingersite.com\/auton-varaosat\/2-2-did-4hk-moottori-mitsubishi-outlander-peugeot-4007\/#primaryimage\",\"url\":\"https:\/\/autopartscenter24.com\/wp-content\/uploads\/2023\/03\/2-2-DID-4HK-moottori-mitsubishi-outlander-peugeot-4007.webp\",\"contentUrl\":\"https:\/\/autopartscenter24.com\/wp-content\/uploads\/2023\/03\/2-2-DID-4HK-moottori-mitsubishi-outlander-peugeot-4007.webp\",\"width\":800,\"height\":600},{\"@type\":\"BreadcrumbList\",\"@id\":\"https:\/\/aliceblue-termite-662564.hostingersite.com\/auton-varaosat\/2-2-did-4hk-moottori-mitsubishi-outlander-peugeot-4007\/#breadcrumb\",\"itemListElement\":[{\"@type\":\"ListItem\",\"position\":1,\"name\":\"Etusivu\",\"item\":\"https:\/\/aliceblue-termite-662564.hostingersite.com\/\"},{\"@type\":\"ListItem\",\"position\":2,\"name\":\"Auton varaosat\",\"item\":\"https:\/\/aliceblue-termite-662564.hostingersite.com\/auton-varaosat\/\"},{\"@type\":\"ListItem\",\"position\":3,\"name\":\"2.2 DID &#8221;4HK&#8221; Moottori [esim. Outlander, Grandis, C-Crosser]\"}]},{\"@type\":\"WebSite\",\"@id\":\"https:\/\/autopartscenter24.com\/#website\",\"url\":\"https:\/\/autopartscenter24.com\/\",\"name\":\"Autopartscenter24\",\"description\":\"K\u00c4YTETYT JA KUNNOSTETUT  AUTON VARAOSAT\",\"potentialAction\":[{\"@type\":\"SearchAction\",\"target\":{\"@type\":\"EntryPoint\",\"urlTemplate\":\"https:\/\/autopartscenter24.com\/?s={search_term_string}\"},\"query-input\":{\"@type\":\"PropertyValueSpecification\",\"valueRequired\":true,\"valueName\":\"search_term_string\"}}],\"inLanguage\":\"fi\"}]}<\/script>\n<!-- \/ Yoast SEO plugin. -->","yoast_head_json":{"title":"2.2 DID \"4HK\" Moottori [esim. Outlander, Grandis, C-Crosser]","description":"Yksi moottoreista, joita meill\u00e4 on usein saatavilla. L\u00e4het\u00e4 kysely ja saat tarjouksen 24 tunnin sis\u00e4ll\u00e4. Moottorit, vaihteistot ja muut auton osat takuul","robots":{"index":"index","follow":"follow","max-snippet":"max-snippet:-1","max-image-preview":"max-image-preview:large","max-video-preview":"max-video-preview:-1"},"canonical":"https:\/\/autopartscenter24.com\/fi\/auton-varaosat\/2-2-did-4hk-moottori-mitsubishi-outlander-peugeot-4007\/","og_locale":"fi_FI","og_type":"article","og_title":"2.2 DID \"4HK\" Moottori [esim. Outlander, Grandis, C-Crosser]","og_description":"Yksi moottoreista, joita meill\u00e4 on usein saatavilla. L\u00e4het\u00e4 kysely ja saat tarjouksen 24 tunnin sis\u00e4ll\u00e4. Moottorit, vaihteistot ja muut auton osat takuul","og_url":"https:\/\/autopartscenter24.com\/fi\/auton-varaosat\/2-2-did-4hk-moottori-mitsubishi-outlander-peugeot-4007\/","og_site_name":"Autopartscenter24","article_modified_time":"2023-03-10T18:25:14+00:00","og_image":[{"width":800,"height":600,"url":"https:\/\/aliceblue-termite-662564.hostingersite.com\/wp-content\/uploads\/2023\/03\/2-2-DID-4HK-moottori-mitsubishi-outlander-peugeot-4007.webp","type":"image\/webp"}],"twitter_card":"summary_large_image","twitter_misc":{"Arvioitu lukuaika":"1 minuutti"},"schema":{"@context":"https:\/\/schema.org","@graph":[{"@type":"WebPage","@id":"https:\/\/aliceblue-termite-662564.hostingersite.com\/auton-varaosat\/2-2-did-4hk-moottori-mitsubishi-outlander-peugeot-4007\/","url":"https:\/\/aliceblue-termite-662564.hostingersite.com\/auton-varaosat\/2-2-did-4hk-moottori-mitsubishi-outlander-peugeot-4007\/","name":"2.2 DID \"4HK\" Moottori [esim. Outlander, Grandis, C-Crosser]","isPartOf":{"@id":"https:\/\/autopartscenter24.com\/#website"},"primaryImageOfPage":{"@id":"https:\/\/aliceblue-termite-662564.hostingersite.com\/auton-varaosat\/2-2-did-4hk-moottori-mitsubishi-outlander-peugeot-4007\/#primaryimage"},"image":{"@id":"https:\/\/aliceblue-termite-662564.hostingersite.com\/auton-varaosat\/2-2-did-4hk-moottori-mitsubishi-outlander-peugeot-4007\/#primaryimage"},"thumbnailUrl":"https:\/\/autopartscenter24.com\/wp-content\/uploads\/2023\/03\/2-2-DID-4HK-moottori-mitsubishi-outlander-peugeot-4007.webp","datePublished":"2023-03-04T20:26:03+00:00","dateModified":"2023-03-10T18:25:14+00:00","description":"Yksi moottoreista, joita meill\u00e4 on usein saatavilla. L\u00e4het\u00e4 kysely ja saat tarjouksen 24 tunnin sis\u00e4ll\u00e4. Moottorit, vaihteistot ja muut auton osat takuul","breadcrumb":{"@id":"https:\/\/aliceblue-termite-662564.hostingersite.com\/auton-varaosat\/2-2-did-4hk-moottori-mitsubishi-outlander-peugeot-4007\/#breadcrumb"},"inLanguage":"fi","potentialAction":[{"@type":"ReadAction","target":["https:\/\/aliceblue-termite-662564.hostingersite.com\/auton-varaosat\/2-2-did-4hk-moottori-mitsubishi-outlander-peugeot-4007\/"]}]},{"@type":"ImageObject","inLanguage":"fi","@id":"https:\/\/aliceblue-termite-662564.hostingersite.com\/auton-varaosat\/2-2-did-4hk-moottori-mitsubishi-outlander-peugeot-4007\/#primaryimage","url":"https:\/\/autopartscenter24.com\/wp-content\/uploads\/2023\/03\/2-2-DID-4HK-moottori-mitsubishi-outlander-peugeot-4007.webp","contentUrl":"https:\/\/autopartscenter24.com\/wp-content\/uploads\/2023\/03\/2-2-DID-4HK-moottori-mitsubishi-outlander-peugeot-4007.webp","width":800,"height":600},{"@type":"BreadcrumbList","@id":"https:\/\/aliceblue-termite-662564.hostingersite.com\/auton-varaosat\/2-2-did-4hk-moottori-mitsubishi-outlander-peugeot-4007\/#breadcrumb","itemListElement":[{"@type":"ListItem","position":1,"name":"Etusivu","item":"https:\/\/aliceblue-termite-662564.hostingersite.com\/"},{"@type":"ListItem","position":2,"name":"Auton varaosat","item":"https:\/\/aliceblue-termite-662564.hostingersite.com\/auton-varaosat\/"},{"@type":"ListItem","position":3,"name":"2.2 DID &#8221;4HK&#8221; Moottori [esim. Outlander, Grandis, C-Crosser]"}]},{"@type":"WebSite","@id":"https:\/\/autopartscenter24.com\/#website","url":"https:\/\/autopartscenter24.com\/","name":"Autopartscenter24","description":"K\u00c4YTETYT JA KUNNOSTETUT  AUTON VARAOSAT","potentialAction":[{"@type":"SearchAction","target":{"@type":"EntryPoint","urlTemplate":"https:\/\/autopartscenter24.com\/?s={search_term_string}"},"query-input":{"@type":"PropertyValueSpecification","valueRequired":true,"valueName":"search_term_string"}}],"inLanguage":"fi"}]}},"_links":{"self":[{"href":"https:\/\/autopartscenter24.com\/fi\/wp-json\/wp\/v2\/product\/3614","targetHints":{"allow":["GET"]}}],"collection":[{"href":"https:\/\/autopartscenter24.com\/fi\/wp-json\/wp\/v2\/product"}],"about":[{"href":"https:\/\/autopartscenter24.com\/fi\/wp-json\/wp\/v2\/types\/product"}],"wp:featuredmedia":[{"embeddable":true,"href":"https:\/\/autopartscenter24.com\/fi\/wp-json\/wp\/v2\/media\/4366"}],"wp:attachment":[{"href":"https:\/\/autopartscenter24.com\/fi\/wp-json\/wp\/v2\/media?parent=3614"}],"wp:term":[{"taxonomy":"product_brand","embeddable":true,"href":"https:\/\/autopartscenter24.com\/fi\/wp-json\/wp\/v2\/product_brand?post=3614"},{"taxonomy":"product_cat","embeddable":true,"href":"https:\/\/autopartscenter24.com\/fi\/wp-json\/wp\/v2\/product_cat?post=3614"},{"taxonomy":"product_tag","embeddable":true,"href":"https:\/\/autopartscenter24.com\/fi\/wp-json\/wp\/v2\/product_tag?post=3614"}],"curies":[{"name":"wp","href":"https:\/\/api.w.org\/{rel}","templated":true}]}}