{"id":3608,"date":"2023-03-04T20:16:08","date_gmt":"2023-03-04T19:16:08","guid":{"rendered":"https:\/\/autopartscenter24.com\/?post_type=product&#038;p=3608"},"modified":"2023-03-10T19:24:37","modified_gmt":"2023-03-10T18:24:37","slug":"2-0-hdi-rhr-moottori-peugeot-citroen-ford-fiat","status":"publish","type":"product","link":"https:\/\/autopartscenter24.com\/fi\/auton-varaosat\/2-0-hdi-rhr-moottori-peugeot-citroen-ford-fiat\/","title":{"rendered":"2.0 HDI &#8221;RHR&#8221; Moottori [esim. Peugeot, Citroen, Ford, Fiat]"},"content":{"rendered":"<p><strong>2.0 HDI -moottori, jonka moottorikoodi on RHR<\/strong>, on nelisylinterinen dieselmoottori, joka on kehitetty yhteisty\u00f6ss\u00e4 PSA Peugeot Citro\u00ebn -konsernin ja Fordin kesken. T\u00e4m\u00e4 moottori on asennettu useisiin Peugeot- ja Citro\u00ebn-malleihin.<\/p>\n<p>RHR-moottorissa on ahtoj\u00e4rjestelm\u00e4, joka koostuu turboahtimesta ja v\u00e4lij\u00e4\u00e4hdyttimest\u00e4. Se k\u00e4ytt\u00e4\u00e4 yhteispaineruiskutusj\u00e4rjestelm\u00e4\u00e4, joka ruiskuttaa polttoainetta suoraan sylintereihin. Moottori on varustettu pakokaasujen takaisinkierr\u00e4tysj\u00e4rjestelm\u00e4ll\u00e4 (EGR), joka v\u00e4hent\u00e4\u00e4 typen oksidien (NOx) p\u00e4\u00e4st\u00f6j\u00e4.<\/p>\n<p>Moottorin iskutilavuus on 2,0 litraa ja se tuottaa enimm\u00e4istehon 100 kW (136 hv) ja v\u00e4\u00e4nt\u00f6momentin 340 Nm (251 lb-ft). Se on yhdistetty joko manuaaliseen vaihteistoon tai automaattivaihteistoon.<\/p>\n<p>Seuraavassa on joitain Peugeot- ja Citro\u00ebn-malleja, joissa 2.0 HDI -moottori (RHR) on ollut k\u00e4yt\u00f6ss\u00e4:<\/p>\n<ul>\n<li>Peugeot 307 (2005-2007)<\/li>\n<li>Peugeot 407 (2004-2011)<\/li>\n<li>Peugeot 607 (2005-2010)<\/li>\n<li>Citro\u00ebn C5 (2004-2017)<\/li>\n<li>Citro\u00ebn C6 (2005-2012)<\/li>\n<\/ul>\n<p>2.0 HDI -moottori (RHR) on osoittautunut luotettavaksi ja tehokkaaksi vaihtoehdoksi niille, jotka arvostavat polttoainetaloutta ja suorituskyky\u00e4. Sen kehittyneet ominaisuudet, kuten turboahto, suorasuihkutus ja EGR-j\u00e4rjestelm\u00e4, ovat mahdollistaneet sen k\u00e4yt\u00f6n monissa eri Peugeot- ja Citro\u00ebn-malleissa.<\/p>\n","protected":false},"excerpt":{"rendered":"<ul>\n<li>Peugeot 307 (2006-2008)<\/li>\n<li>Peugeot 308 (2007-2010)<\/li>\n<li>Peugeot 407 (2006-2010)<\/li>\n<li>Peugeot 607 (2006-2010)<\/li>\n<li>Peugeot 807 (2006-2010)<\/li>\n<\/ul>\n<p>&nbsp;<\/p>\n<ul>\n<li>Citroen C5 (2007-2010)<\/li>\n<li>Citroen C8 (2007-2010)<\/li>\n<li>Citroen Jumpy (2007-2010)<\/li>\n<\/ul>\n<p>&nbsp;<\/p>\n<ul>\n<li>Fiat Ulysse (2007-2010)<\/li>\n<\/ul>\n<p>&nbsp;<\/p>\n<ul>\n<li>Ford Focus C-MAX (2006-2007)<\/li>\n<li>Ford Kuga (2008-2010)<\/li>\n<li>Ford Mondeo (2007-2010)<\/li>\n<\/ul>\n","protected":false},"featured_media":4361,"template":"","meta":[],"product_brand":[],"product_cat":[316,362,361,315],"product_tag":[363,333,364,365,366,339,367,371,368,370,372,369],"class_list":{"0":"post-3608","1":"product","2":"type-product","3":"status-publish","4":"has-post-thumbnail","6":"product_cat-citroen","7":"product_cat-fiat","8":"product_cat-ford","9":"product_cat-peugeot","10":"product_tag-363","11":"product_tag-333","12":"product_tag-364","13":"product_tag-365","14":"product_tag-366","15":"product_tag-c5","16":"product_tag-c8","17":"product_tag-focus","18":"product_tag-jumpy","19":"product_tag-kuga","20":"product_tag-mondeo","21":"product_tag-ulysse","22":"pa_varaosan-osasto-moottori","25":"first","26":"instock","27":"shipping-taxable","28":"product-type-simple"},"yoast_head":"<!-- This site is optimized with the Yoast SEO plugin v26.8 - https:\/\/yoast.com\/product\/yoast-seo-wordpress\/ -->\n<title>2.0 HDI &quot;RHR&quot; Moottori [esim. Peugeot, Citroen, Ford, Fiat]<\/title>\n<meta name=\"description\" content=\"Yksi moottoreista, joita meill\u00e4 on usein saatavilla. L\u00e4het\u00e4 kysely ja saat tarjouksen 24 tunnin sis\u00e4ll\u00e4. Moottorit, vaihteistot ja muut auton osat takuulla.\" \/>\n<meta name=\"robots\" content=\"index, follow, max-snippet:-1, max-image-preview:large, max-video-preview:-1\" \/>\n<link rel=\"canonical\" href=\"https:\/\/autopartscenter24.com\/fi\/auton-varaosat\/2-0-hdi-rhr-moottori-peugeot-citroen-ford-fiat\/\" \/>\n<meta property=\"og:locale\" content=\"fi_FI\" \/>\n<meta property=\"og:type\" content=\"article\" \/>\n<meta property=\"og:title\" content=\"2.0 HDI &quot;RHR&quot; Moottori [esim. Peugeot, Citroen, Ford, Fiat]\" \/>\n<meta property=\"og:description\" content=\"Yksi moottoreista, joita meill\u00e4 on usein saatavilla. L\u00e4het\u00e4 kysely ja saat tarjouksen 24 tunnin sis\u00e4ll\u00e4. Moottorit, vaihteistot ja muut auton osat takuulla.\" \/>\n<meta property=\"og:url\" content=\"https:\/\/autopartscenter24.com\/fi\/auton-varaosat\/2-0-hdi-rhr-moottori-peugeot-citroen-ford-fiat\/\" \/>\n<meta property=\"og:site_name\" content=\"Autopartscenter24\" \/>\n<meta property=\"article:modified_time\" content=\"2023-03-10T18:24:37+00:00\" \/>\n<meta property=\"og:image\" content=\"https:\/\/aliceblue-termite-662564.hostingersite.com\/wp-content\/uploads\/2023\/03\/2-0-HDI-RHR-moottori-peugeot-citroen-e1769946748620.webp\" \/>\n\t<meta property=\"og:image:width\" content=\"200\" \/>\n\t<meta property=\"og:image:height\" content=\"150\" \/>\n\t<meta property=\"og:image:type\" content=\"image\/webp\" \/>\n<meta name=\"twitter:card\" content=\"summary_large_image\" \/>\n<meta name=\"twitter:label1\" content=\"Arvioitu lukuaika\" \/>\n\t<meta name=\"twitter:data1\" content=\"1 minuutti\" \/>\n<script type=\"application\/ld+json\" class=\"yoast-schema-graph\">{\"@context\":\"https:\/\/schema.org\",\"@graph\":[{\"@type\":\"WebPage\",\"@id\":\"https:\/\/aliceblue-termite-662564.hostingersite.com\/auton-varaosat\/2-0-hdi-rhr-moottori-peugeot-citroen-ford-fiat\/\",\"url\":\"https:\/\/aliceblue-termite-662564.hostingersite.com\/auton-varaosat\/2-0-hdi-rhr-moottori-peugeot-citroen-ford-fiat\/\",\"name\":\"2.0 HDI \\\"RHR\\\" Moottori [esim. Peugeot, Citroen, Ford, Fiat]\",\"isPartOf\":{\"@id\":\"https:\/\/autopartscenter24.com\/#website\"},\"primaryImageOfPage\":{\"@id\":\"https:\/\/aliceblue-termite-662564.hostingersite.com\/auton-varaosat\/2-0-hdi-rhr-moottori-peugeot-citroen-ford-fiat\/#primaryimage\"},\"image\":{\"@id\":\"https:\/\/aliceblue-termite-662564.hostingersite.com\/auton-varaosat\/2-0-hdi-rhr-moottori-peugeot-citroen-ford-fiat\/#primaryimage\"},\"thumbnailUrl\":\"https:\/\/autopartscenter24.com\/wp-content\/uploads\/2023\/03\/2-0-HDI-RHR-moottori-peugeot-citroen-e1769946748620.webp\",\"datePublished\":\"2023-03-04T19:16:08+00:00\",\"dateModified\":\"2023-03-10T18:24:37+00:00\",\"description\":\"Yksi moottoreista, joita meill\u00e4 on usein saatavilla. L\u00e4het\u00e4 kysely ja saat tarjouksen 24 tunnin sis\u00e4ll\u00e4. Moottorit, vaihteistot ja muut auton osat takuulla.\",\"breadcrumb\":{\"@id\":\"https:\/\/aliceblue-termite-662564.hostingersite.com\/auton-varaosat\/2-0-hdi-rhr-moottori-peugeot-citroen-ford-fiat\/#breadcrumb\"},\"inLanguage\":\"fi\",\"potentialAction\":[{\"@type\":\"ReadAction\",\"target\":[\"https:\/\/aliceblue-termite-662564.hostingersite.com\/auton-varaosat\/2-0-hdi-rhr-moottori-peugeot-citroen-ford-fiat\/\"]}]},{\"@type\":\"ImageObject\",\"inLanguage\":\"fi\",\"@id\":\"https:\/\/aliceblue-termite-662564.hostingersite.com\/auton-varaosat\/2-0-hdi-rhr-moottori-peugeot-citroen-ford-fiat\/#primaryimage\",\"url\":\"https:\/\/autopartscenter24.com\/wp-content\/uploads\/2023\/03\/2-0-HDI-RHR-moottori-peugeot-citroen-e1769946748620.webp\",\"contentUrl\":\"https:\/\/autopartscenter24.com\/wp-content\/uploads\/2023\/03\/2-0-HDI-RHR-moottori-peugeot-citroen-e1769946748620.webp\",\"width\":200,\"height\":150},{\"@type\":\"BreadcrumbList\",\"@id\":\"https:\/\/aliceblue-termite-662564.hostingersite.com\/auton-varaosat\/2-0-hdi-rhr-moottori-peugeot-citroen-ford-fiat\/#breadcrumb\",\"itemListElement\":[{\"@type\":\"ListItem\",\"position\":1,\"name\":\"Etusivu\",\"item\":\"https:\/\/aliceblue-termite-662564.hostingersite.com\/\"},{\"@type\":\"ListItem\",\"position\":2,\"name\":\"Auton varaosat\",\"item\":\"https:\/\/aliceblue-termite-662564.hostingersite.com\/auton-varaosat\/\"},{\"@type\":\"ListItem\",\"position\":3,\"name\":\"2.0 HDI &#8221;RHR&#8221; Moottori [esim. Peugeot, Citroen, Ford, Fiat]\"}]},{\"@type\":\"WebSite\",\"@id\":\"https:\/\/autopartscenter24.com\/#website\",\"url\":\"https:\/\/autopartscenter24.com\/\",\"name\":\"Autopartscenter24\",\"description\":\"K\u00c4YTETYT JA KUNNOSTETUT  AUTON VARAOSAT\",\"potentialAction\":[{\"@type\":\"SearchAction\",\"target\":{\"@type\":\"EntryPoint\",\"urlTemplate\":\"https:\/\/autopartscenter24.com\/?s={search_term_string}\"},\"query-input\":{\"@type\":\"PropertyValueSpecification\",\"valueRequired\":true,\"valueName\":\"search_term_string\"}}],\"inLanguage\":\"fi\"}]}<\/script>\n<!-- \/ Yoast SEO plugin. -->","yoast_head_json":{"title":"2.0 HDI \"RHR\" Moottori [esim. Peugeot, Citroen, Ford, Fiat]","description":"Yksi moottoreista, joita meill\u00e4 on usein saatavilla. L\u00e4het\u00e4 kysely ja saat tarjouksen 24 tunnin sis\u00e4ll\u00e4. Moottorit, vaihteistot ja muut auton osat takuulla.","robots":{"index":"index","follow":"follow","max-snippet":"max-snippet:-1","max-image-preview":"max-image-preview:large","max-video-preview":"max-video-preview:-1"},"canonical":"https:\/\/autopartscenter24.com\/fi\/auton-varaosat\/2-0-hdi-rhr-moottori-peugeot-citroen-ford-fiat\/","og_locale":"fi_FI","og_type":"article","og_title":"2.0 HDI \"RHR\" Moottori [esim. Peugeot, Citroen, Ford, Fiat]","og_description":"Yksi moottoreista, joita meill\u00e4 on usein saatavilla. L\u00e4het\u00e4 kysely ja saat tarjouksen 24 tunnin sis\u00e4ll\u00e4. Moottorit, vaihteistot ja muut auton osat takuulla.","og_url":"https:\/\/autopartscenter24.com\/fi\/auton-varaosat\/2-0-hdi-rhr-moottori-peugeot-citroen-ford-fiat\/","og_site_name":"Autopartscenter24","article_modified_time":"2023-03-10T18:24:37+00:00","og_image":[{"width":200,"height":150,"url":"https:\/\/aliceblue-termite-662564.hostingersite.com\/wp-content\/uploads\/2023\/03\/2-0-HDI-RHR-moottori-peugeot-citroen-e1769946748620.webp","type":"image\/webp"}],"twitter_card":"summary_large_image","twitter_misc":{"Arvioitu lukuaika":"1 minuutti"},"schema":{"@context":"https:\/\/schema.org","@graph":[{"@type":"WebPage","@id":"https:\/\/aliceblue-termite-662564.hostingersite.com\/auton-varaosat\/2-0-hdi-rhr-moottori-peugeot-citroen-ford-fiat\/","url":"https:\/\/aliceblue-termite-662564.hostingersite.com\/auton-varaosat\/2-0-hdi-rhr-moottori-peugeot-citroen-ford-fiat\/","name":"2.0 HDI \"RHR\" Moottori [esim. Peugeot, Citroen, Ford, Fiat]","isPartOf":{"@id":"https:\/\/autopartscenter24.com\/#website"},"primaryImageOfPage":{"@id":"https:\/\/aliceblue-termite-662564.hostingersite.com\/auton-varaosat\/2-0-hdi-rhr-moottori-peugeot-citroen-ford-fiat\/#primaryimage"},"image":{"@id":"https:\/\/aliceblue-termite-662564.hostingersite.com\/auton-varaosat\/2-0-hdi-rhr-moottori-peugeot-citroen-ford-fiat\/#primaryimage"},"thumbnailUrl":"https:\/\/autopartscenter24.com\/wp-content\/uploads\/2023\/03\/2-0-HDI-RHR-moottori-peugeot-citroen-e1769946748620.webp","datePublished":"2023-03-04T19:16:08+00:00","dateModified":"2023-03-10T18:24:37+00:00","description":"Yksi moottoreista, joita meill\u00e4 on usein saatavilla. L\u00e4het\u00e4 kysely ja saat tarjouksen 24 tunnin sis\u00e4ll\u00e4. Moottorit, vaihteistot ja muut auton osat takuulla.","breadcrumb":{"@id":"https:\/\/aliceblue-termite-662564.hostingersite.com\/auton-varaosat\/2-0-hdi-rhr-moottori-peugeot-citroen-ford-fiat\/#breadcrumb"},"inLanguage":"fi","potentialAction":[{"@type":"ReadAction","target":["https:\/\/aliceblue-termite-662564.hostingersite.com\/auton-varaosat\/2-0-hdi-rhr-moottori-peugeot-citroen-ford-fiat\/"]}]},{"@type":"ImageObject","inLanguage":"fi","@id":"https:\/\/aliceblue-termite-662564.hostingersite.com\/auton-varaosat\/2-0-hdi-rhr-moottori-peugeot-citroen-ford-fiat\/#primaryimage","url":"https:\/\/autopartscenter24.com\/wp-content\/uploads\/2023\/03\/2-0-HDI-RHR-moottori-peugeot-citroen-e1769946748620.webp","contentUrl":"https:\/\/autopartscenter24.com\/wp-content\/uploads\/2023\/03\/2-0-HDI-RHR-moottori-peugeot-citroen-e1769946748620.webp","width":200,"height":150},{"@type":"BreadcrumbList","@id":"https:\/\/aliceblue-termite-662564.hostingersite.com\/auton-varaosat\/2-0-hdi-rhr-moottori-peugeot-citroen-ford-fiat\/#breadcrumb","itemListElement":[{"@type":"ListItem","position":1,"name":"Etusivu","item":"https:\/\/aliceblue-termite-662564.hostingersite.com\/"},{"@type":"ListItem","position":2,"name":"Auton varaosat","item":"https:\/\/aliceblue-termite-662564.hostingersite.com\/auton-varaosat\/"},{"@type":"ListItem","position":3,"name":"2.0 HDI &#8221;RHR&#8221; Moottori [esim. Peugeot, Citroen, Ford, Fiat]"}]},{"@type":"WebSite","@id":"https:\/\/autopartscenter24.com\/#website","url":"https:\/\/autopartscenter24.com\/","name":"Autopartscenter24","description":"K\u00c4YTETYT JA KUNNOSTETUT  AUTON VARAOSAT","potentialAction":[{"@type":"SearchAction","target":{"@type":"EntryPoint","urlTemplate":"https:\/\/autopartscenter24.com\/?s={search_term_string}"},"query-input":{"@type":"PropertyValueSpecification","valueRequired":true,"valueName":"search_term_string"}}],"inLanguage":"fi"}]}},"_links":{"self":[{"href":"https:\/\/autopartscenter24.com\/fi\/wp-json\/wp\/v2\/product\/3608","targetHints":{"allow":["GET"]}}],"collection":[{"href":"https:\/\/autopartscenter24.com\/fi\/wp-json\/wp\/v2\/product"}],"about":[{"href":"https:\/\/autopartscenter24.com\/fi\/wp-json\/wp\/v2\/types\/product"}],"wp:featuredmedia":[{"embeddable":true,"href":"https:\/\/autopartscenter24.com\/fi\/wp-json\/wp\/v2\/media\/4361"}],"wp:attachment":[{"href":"https:\/\/autopartscenter24.com\/fi\/wp-json\/wp\/v2\/media?parent=3608"}],"wp:term":[{"taxonomy":"product_brand","embeddable":true,"href":"https:\/\/autopartscenter24.com\/fi\/wp-json\/wp\/v2\/product_brand?post=3608"},{"taxonomy":"product_cat","embeddable":true,"href":"https:\/\/autopartscenter24.com\/fi\/wp-json\/wp\/v2\/product_cat?post=3608"},{"taxonomy":"product_tag","embeddable":true,"href":"https:\/\/autopartscenter24.com\/fi\/wp-json\/wp\/v2\/product_tag?post=3608"}],"curies":[{"name":"wp","href":"https:\/\/api.w.org\/{rel}","templated":true}]}}