{"id":3602,"date":"2023-03-04T20:03:16","date_gmt":"2023-03-04T19:03:16","guid":{"rendered":"https:\/\/autopartscenter24.com\/?post_type=product&#038;p=3602"},"modified":"2023-03-10T19:23:59","modified_gmt":"2023-03-10T18:23:59","slug":"1-6-dig-t-mr16ddt-moottori-x-trail-juke-qashqai","status":"publish","type":"product","link":"https:\/\/autopartscenter24.com\/fi\/auton-varaosat\/1-6-dig-t-mr16ddt-moottori-x-trail-juke-qashqai\/","title":{"rendered":"1.6 DIG-T &#8221;MR16DDT&#8221; Moottori [esim. Juke, Qashqai, X-Trail]"},"content":{"rendered":"<p><strong>Nissan 1.6 DIG-T (moottorikoodi: MR16DDT)<\/strong> on nelisylinterinen bensiinimoottori, joka tunnetaan hyv\u00e4st\u00e4 suorituskyvyst\u00e4\u00e4n ja polttoainetehokkuudestaan. T\u00e4m\u00e4 moottori on varustettu suorasuihkutusj\u00e4rjestelm\u00e4ll\u00e4, joka ruiskuttaa polttoaineen suoraan sylinteriin, mik\u00e4 lis\u00e4\u00e4 moottorin suorituskyky\u00e4 ja parantaa polttoainetehokkuutta.<\/p>\n<p>MR16DDT-moottorissa on alumiininen sylinterikansi ja -lohko, sek\u00e4 kaksoisnokka-akselit, jotka ohjaavat nelj\u00e4\u00e4 venttiili\u00e4 sylinteri\u00e4 kohti. Se k\u00e4ytt\u00e4\u00e4 turboahtimella varustettua pakokaasujen takaisinkiertoa (EGR) ja kaksoisj\u00e4\u00e4hdytysj\u00e4rjestelm\u00e4\u00e4.<\/p>\n<p>MR16DDT-moottorin iskutilavuus on 1,6 litraa ja sen teho vaihtelee mallista riippuen. Yleens\u00e4 se tuottaa noin 187 hevosvoimaa (140 kW) ja 240 Nm v\u00e4\u00e4nt\u00f6momenttia 2 000-5 200 kierroksen v\u00e4lill\u00e4. Se on yleens\u00e4 yhdistetty kuusivaihteiseen manuaalivaihteistoon tai Nissanin Xtronic CVT-vaihteistoon.<\/p>\n<p>T\u00e4m\u00e4 moottori on k\u00e4ytetty useissa Nissan-malleissa, mukaan lukien:<\/p>\n<ul>\n<li>Nissan Juke (2010 &#8211; 2019)<\/li>\n<li>Nissan Pulsar (2014 &#8211; 2018)<\/li>\n<li>Nissan Qashqai (2014 &#8211; 2018)<\/li>\n<li>Nissan Sentra Nismo (2017 &#8211; nykyinen)<\/li>\n<li>Nissan Tiida (2014 &#8211; nykyinen)<\/li>\n<li>Nissan X-Trail (2014 &#8211; 2017)<\/li>\n<\/ul>\n<p>Nissan 1.6 DIG-T (moottorikoodi: MR16DDT) on luotettava ja tehokas moottori, joka on suosittu kuljettajien keskuudessa sen hyv\u00e4n suorituskyvyn, polttoainetehokkuuden ja alhaisen hiilidioksidip\u00e4\u00e4st\u00f6jen ansiosta.<\/p>\n","protected":false},"excerpt":{"rendered":"<ul>\n<li>Nissan Juke (2010 &#8211; 2019)<\/li>\n<li>Nissan Pulsar (2014 &#8211; 2018)<\/li>\n<li>Nissan Qashqai (2014 &#8211; 2018)<\/li>\n<li>Nissan Sentra Nismo (2017 &#8211; nykyinen)<\/li>\n<li>Nissan Tiida (2014 &#8211; nykyinen)<\/li>\n<li>Nissan X-Trail (2014 &#8211; 2017)<\/li>\n<\/ul>\n","protected":false},"featured_media":4356,"template":"","meta":[],"product_brand":[],"product_cat":[318],"product_tag":[358,360,328,359],"class_list":{"0":"post-3602","1":"product","2":"type-product","3":"status-publish","4":"has-post-thumbnail","6":"product_cat-nissan","7":"product_tag-juke","8":"product_tag-pulsar","9":"product_tag-qashqai","10":"product_tag-x-trail","11":"pa_varaosan-osasto-moottori","14":"first","15":"instock","16":"shipping-taxable","17":"product-type-simple"},"yoast_head":"<!-- This site is optimized with the Yoast SEO plugin v26.8 - https:\/\/yoast.com\/product\/yoast-seo-wordpress\/ -->\n<title>1.6 DIG-T &quot;MR16DDT&quot; Moottori [esim. Juke, Qashqai, X-Trail]<\/title>\n<meta name=\"description\" content=\"Yksi moottoreista, joita meill\u00e4 on usein saatavilla. L\u00e4het\u00e4 kysely ja saat tarjouksen 24 tunnin sis\u00e4ll\u00e4. Moottorit, vaihteistot ja muut auton osat takuulla.\" \/>\n<meta name=\"robots\" content=\"index, follow, max-snippet:-1, max-image-preview:large, max-video-preview:-1\" \/>\n<link rel=\"canonical\" href=\"https:\/\/autopartscenter24.com\/fi\/auton-varaosat\/1-6-dig-t-mr16ddt-moottori-x-trail-juke-qashqai\/\" \/>\n<meta property=\"og:locale\" content=\"fi_FI\" \/>\n<meta property=\"og:type\" content=\"article\" \/>\n<meta property=\"og:title\" content=\"1.6 DIG-T &quot;MR16DDT&quot; Moottori [esim. Juke, Qashqai, X-Trail]\" \/>\n<meta property=\"og:description\" content=\"Yksi moottoreista, joita meill\u00e4 on usein saatavilla. L\u00e4het\u00e4 kysely ja saat tarjouksen 24 tunnin sis\u00e4ll\u00e4. Moottorit, vaihteistot ja muut auton osat takuulla.\" \/>\n<meta property=\"og:url\" content=\"https:\/\/autopartscenter24.com\/fi\/auton-varaosat\/1-6-dig-t-mr16ddt-moottori-x-trail-juke-qashqai\/\" \/>\n<meta property=\"og:site_name\" content=\"Autopartscenter24\" \/>\n<meta property=\"article:modified_time\" content=\"2023-03-10T18:23:59+00:00\" \/>\n<meta property=\"og:image\" content=\"https:\/\/aliceblue-termite-662564.hostingersite.com\/wp-content\/uploads\/2023\/03\/1-6-DIG-T-MR16DDT-moottori-X-TRAIL-JUKE-QASHQAI.webp\" \/>\n\t<meta property=\"og:image:width\" content=\"800\" \/>\n\t<meta property=\"og:image:height\" content=\"600\" \/>\n\t<meta property=\"og:image:type\" content=\"image\/webp\" \/>\n<meta name=\"twitter:card\" content=\"summary_large_image\" \/>\n<meta name=\"twitter:label1\" content=\"Arvioitu lukuaika\" \/>\n\t<meta name=\"twitter:data1\" content=\"1 minuutti\" \/>\n<script type=\"application\/ld+json\" class=\"yoast-schema-graph\">{\"@context\":\"https:\/\/schema.org\",\"@graph\":[{\"@type\":\"WebPage\",\"@id\":\"https:\/\/aliceblue-termite-662564.hostingersite.com\/auton-varaosat\/1-6-dig-t-mr16ddt-moottori-x-trail-juke-qashqai\/\",\"url\":\"https:\/\/aliceblue-termite-662564.hostingersite.com\/auton-varaosat\/1-6-dig-t-mr16ddt-moottori-x-trail-juke-qashqai\/\",\"name\":\"1.6 DIG-T \\\"MR16DDT\\\" Moottori [esim. Juke, Qashqai, X-Trail]\",\"isPartOf\":{\"@id\":\"https:\/\/autopartscenter24.com\/#website\"},\"primaryImageOfPage\":{\"@id\":\"https:\/\/aliceblue-termite-662564.hostingersite.com\/auton-varaosat\/1-6-dig-t-mr16ddt-moottori-x-trail-juke-qashqai\/#primaryimage\"},\"image\":{\"@id\":\"https:\/\/aliceblue-termite-662564.hostingersite.com\/auton-varaosat\/1-6-dig-t-mr16ddt-moottori-x-trail-juke-qashqai\/#primaryimage\"},\"thumbnailUrl\":\"https:\/\/autopartscenter24.com\/wp-content\/uploads\/2023\/03\/1-6-DIG-T-MR16DDT-moottori-X-TRAIL-JUKE-QASHQAI.webp\",\"datePublished\":\"2023-03-04T19:03:16+00:00\",\"dateModified\":\"2023-03-10T18:23:59+00:00\",\"description\":\"Yksi moottoreista, joita meill\u00e4 on usein saatavilla. L\u00e4het\u00e4 kysely ja saat tarjouksen 24 tunnin sis\u00e4ll\u00e4. Moottorit, vaihteistot ja muut auton osat takuulla.\",\"breadcrumb\":{\"@id\":\"https:\/\/aliceblue-termite-662564.hostingersite.com\/auton-varaosat\/1-6-dig-t-mr16ddt-moottori-x-trail-juke-qashqai\/#breadcrumb\"},\"inLanguage\":\"fi\",\"potentialAction\":[{\"@type\":\"ReadAction\",\"target\":[\"https:\/\/aliceblue-termite-662564.hostingersite.com\/auton-varaosat\/1-6-dig-t-mr16ddt-moottori-x-trail-juke-qashqai\/\"]}]},{\"@type\":\"ImageObject\",\"inLanguage\":\"fi\",\"@id\":\"https:\/\/aliceblue-termite-662564.hostingersite.com\/auton-varaosat\/1-6-dig-t-mr16ddt-moottori-x-trail-juke-qashqai\/#primaryimage\",\"url\":\"https:\/\/autopartscenter24.com\/wp-content\/uploads\/2023\/03\/1-6-DIG-T-MR16DDT-moottori-X-TRAIL-JUKE-QASHQAI.webp\",\"contentUrl\":\"https:\/\/autopartscenter24.com\/wp-content\/uploads\/2023\/03\/1-6-DIG-T-MR16DDT-moottori-X-TRAIL-JUKE-QASHQAI.webp\",\"width\":800,\"height\":600},{\"@type\":\"BreadcrumbList\",\"@id\":\"https:\/\/aliceblue-termite-662564.hostingersite.com\/auton-varaosat\/1-6-dig-t-mr16ddt-moottori-x-trail-juke-qashqai\/#breadcrumb\",\"itemListElement\":[{\"@type\":\"ListItem\",\"position\":1,\"name\":\"Etusivu\",\"item\":\"https:\/\/aliceblue-termite-662564.hostingersite.com\/\"},{\"@type\":\"ListItem\",\"position\":2,\"name\":\"Auton varaosat\",\"item\":\"https:\/\/aliceblue-termite-662564.hostingersite.com\/auton-varaosat\/\"},{\"@type\":\"ListItem\",\"position\":3,\"name\":\"1.6 DIG-T &#8221;MR16DDT&#8221; Moottori [esim. Juke, Qashqai, X-Trail]\"}]},{\"@type\":\"WebSite\",\"@id\":\"https:\/\/autopartscenter24.com\/#website\",\"url\":\"https:\/\/autopartscenter24.com\/\",\"name\":\"Autopartscenter24\",\"description\":\"K\u00c4YTETYT JA KUNNOSTETUT  AUTON VARAOSAT\",\"potentialAction\":[{\"@type\":\"SearchAction\",\"target\":{\"@type\":\"EntryPoint\",\"urlTemplate\":\"https:\/\/autopartscenter24.com\/?s={search_term_string}\"},\"query-input\":{\"@type\":\"PropertyValueSpecification\",\"valueRequired\":true,\"valueName\":\"search_term_string\"}}],\"inLanguage\":\"fi\"}]}<\/script>\n<!-- \/ Yoast SEO plugin. -->","yoast_head_json":{"title":"1.6 DIG-T \"MR16DDT\" Moottori [esim. Juke, Qashqai, X-Trail]","description":"Yksi moottoreista, joita meill\u00e4 on usein saatavilla. L\u00e4het\u00e4 kysely ja saat tarjouksen 24 tunnin sis\u00e4ll\u00e4. Moottorit, vaihteistot ja muut auton osat takuulla.","robots":{"index":"index","follow":"follow","max-snippet":"max-snippet:-1","max-image-preview":"max-image-preview:large","max-video-preview":"max-video-preview:-1"},"canonical":"https:\/\/autopartscenter24.com\/fi\/auton-varaosat\/1-6-dig-t-mr16ddt-moottori-x-trail-juke-qashqai\/","og_locale":"fi_FI","og_type":"article","og_title":"1.6 DIG-T \"MR16DDT\" Moottori [esim. Juke, Qashqai, X-Trail]","og_description":"Yksi moottoreista, joita meill\u00e4 on usein saatavilla. L\u00e4het\u00e4 kysely ja saat tarjouksen 24 tunnin sis\u00e4ll\u00e4. Moottorit, vaihteistot ja muut auton osat takuulla.","og_url":"https:\/\/autopartscenter24.com\/fi\/auton-varaosat\/1-6-dig-t-mr16ddt-moottori-x-trail-juke-qashqai\/","og_site_name":"Autopartscenter24","article_modified_time":"2023-03-10T18:23:59+00:00","og_image":[{"width":800,"height":600,"url":"https:\/\/aliceblue-termite-662564.hostingersite.com\/wp-content\/uploads\/2023\/03\/1-6-DIG-T-MR16DDT-moottori-X-TRAIL-JUKE-QASHQAI.webp","type":"image\/webp"}],"twitter_card":"summary_large_image","twitter_misc":{"Arvioitu lukuaika":"1 minuutti"},"schema":{"@context":"https:\/\/schema.org","@graph":[{"@type":"WebPage","@id":"https:\/\/aliceblue-termite-662564.hostingersite.com\/auton-varaosat\/1-6-dig-t-mr16ddt-moottori-x-trail-juke-qashqai\/","url":"https:\/\/aliceblue-termite-662564.hostingersite.com\/auton-varaosat\/1-6-dig-t-mr16ddt-moottori-x-trail-juke-qashqai\/","name":"1.6 DIG-T \"MR16DDT\" Moottori [esim. Juke, Qashqai, X-Trail]","isPartOf":{"@id":"https:\/\/autopartscenter24.com\/#website"},"primaryImageOfPage":{"@id":"https:\/\/aliceblue-termite-662564.hostingersite.com\/auton-varaosat\/1-6-dig-t-mr16ddt-moottori-x-trail-juke-qashqai\/#primaryimage"},"image":{"@id":"https:\/\/aliceblue-termite-662564.hostingersite.com\/auton-varaosat\/1-6-dig-t-mr16ddt-moottori-x-trail-juke-qashqai\/#primaryimage"},"thumbnailUrl":"https:\/\/autopartscenter24.com\/wp-content\/uploads\/2023\/03\/1-6-DIG-T-MR16DDT-moottori-X-TRAIL-JUKE-QASHQAI.webp","datePublished":"2023-03-04T19:03:16+00:00","dateModified":"2023-03-10T18:23:59+00:00","description":"Yksi moottoreista, joita meill\u00e4 on usein saatavilla. L\u00e4het\u00e4 kysely ja saat tarjouksen 24 tunnin sis\u00e4ll\u00e4. Moottorit, vaihteistot ja muut auton osat takuulla.","breadcrumb":{"@id":"https:\/\/aliceblue-termite-662564.hostingersite.com\/auton-varaosat\/1-6-dig-t-mr16ddt-moottori-x-trail-juke-qashqai\/#breadcrumb"},"inLanguage":"fi","potentialAction":[{"@type":"ReadAction","target":["https:\/\/aliceblue-termite-662564.hostingersite.com\/auton-varaosat\/1-6-dig-t-mr16ddt-moottori-x-trail-juke-qashqai\/"]}]},{"@type":"ImageObject","inLanguage":"fi","@id":"https:\/\/aliceblue-termite-662564.hostingersite.com\/auton-varaosat\/1-6-dig-t-mr16ddt-moottori-x-trail-juke-qashqai\/#primaryimage","url":"https:\/\/autopartscenter24.com\/wp-content\/uploads\/2023\/03\/1-6-DIG-T-MR16DDT-moottori-X-TRAIL-JUKE-QASHQAI.webp","contentUrl":"https:\/\/autopartscenter24.com\/wp-content\/uploads\/2023\/03\/1-6-DIG-T-MR16DDT-moottori-X-TRAIL-JUKE-QASHQAI.webp","width":800,"height":600},{"@type":"BreadcrumbList","@id":"https:\/\/aliceblue-termite-662564.hostingersite.com\/auton-varaosat\/1-6-dig-t-mr16ddt-moottori-x-trail-juke-qashqai\/#breadcrumb","itemListElement":[{"@type":"ListItem","position":1,"name":"Etusivu","item":"https:\/\/aliceblue-termite-662564.hostingersite.com\/"},{"@type":"ListItem","position":2,"name":"Auton varaosat","item":"https:\/\/aliceblue-termite-662564.hostingersite.com\/auton-varaosat\/"},{"@type":"ListItem","position":3,"name":"1.6 DIG-T &#8221;MR16DDT&#8221; Moottori [esim. Juke, Qashqai, X-Trail]"}]},{"@type":"WebSite","@id":"https:\/\/autopartscenter24.com\/#website","url":"https:\/\/autopartscenter24.com\/","name":"Autopartscenter24","description":"K\u00c4YTETYT JA KUNNOSTETUT  AUTON VARAOSAT","potentialAction":[{"@type":"SearchAction","target":{"@type":"EntryPoint","urlTemplate":"https:\/\/autopartscenter24.com\/?s={search_term_string}"},"query-input":{"@type":"PropertyValueSpecification","valueRequired":true,"valueName":"search_term_string"}}],"inLanguage":"fi"}]}},"_links":{"self":[{"href":"https:\/\/autopartscenter24.com\/fi\/wp-json\/wp\/v2\/product\/3602","targetHints":{"allow":["GET"]}}],"collection":[{"href":"https:\/\/autopartscenter24.com\/fi\/wp-json\/wp\/v2\/product"}],"about":[{"href":"https:\/\/autopartscenter24.com\/fi\/wp-json\/wp\/v2\/types\/product"}],"wp:featuredmedia":[{"embeddable":true,"href":"https:\/\/autopartscenter24.com\/fi\/wp-json\/wp\/v2\/media\/4356"}],"wp:attachment":[{"href":"https:\/\/autopartscenter24.com\/fi\/wp-json\/wp\/v2\/media?parent=3602"}],"wp:term":[{"taxonomy":"product_brand","embeddable":true,"href":"https:\/\/autopartscenter24.com\/fi\/wp-json\/wp\/v2\/product_brand?post=3602"},{"taxonomy":"product_cat","embeddable":true,"href":"https:\/\/autopartscenter24.com\/fi\/wp-json\/wp\/v2\/product_cat?post=3602"},{"taxonomy":"product_tag","embeddable":true,"href":"https:\/\/autopartscenter24.com\/fi\/wp-json\/wp\/v2\/product_tag?post=3602"}],"curies":[{"name":"wp","href":"https:\/\/api.w.org\/{rel}","templated":true}]}}