{"id":3590,"date":"2023-03-04T19:03:21","date_gmt":"2023-03-04T18:03:21","guid":{"rendered":"https:\/\/autopartscenter24.com\/?post_type=product&#038;p=3590"},"modified":"2023-03-08T17:51:30","modified_gmt":"2023-03-08T16:51:30","slug":"1-6-i-dtec-n16a1-moottori-honda-civic-cr-v","status":"publish","type":"product","link":"https:\/\/autopartscenter24.com\/fi\/auton-varaosat\/1-6-i-dtec-n16a1-moottori-honda-civic-cr-v\/","title":{"rendered":"1.6 I-DTEC &#8221;N16A1&#8221; Moottori [esim. HONDA CIVIC, CR-V]"},"content":{"rendered":"<p><strong>HONDA 1.6 I-DTEC -moottori (koodi: N16A1)<\/strong> on nelisylinterinen dieselmoottori, joka esiteltiin ensimm\u00e4isen kerran vuonna 2013. Moottorin t\u00e4rkeimm\u00e4t ominaisuudet ovat sen hyv\u00e4 suorituskyky, taloudellisuus ja ymp\u00e4rist\u00f6yst\u00e4v\u00e4llisyys.<\/p>\n<p>N16A1-moottorin sylinterikansi ja lohko ovat valmistettu alumiinista. Moottorissa on DOHC (kaksinkertainen yl\u00e4puolinen nokka-akseli) venttiilien hallinta, jossa on nelj\u00e4 venttiili\u00e4 per sylinteri. Lis\u00e4ksi moottorissa on ahtimen lataus ja v\u00e4lij\u00e4\u00e4hdytin, jotka parantavat moottorin suorituskyky\u00e4 ja tehoa.<\/p>\n<p>Moottorin tilavuus on 1,6 litraa ja sen enimm\u00e4isteho on 120 hevosvoimaa (88 kW) 4 000 kierroksella minuutissa ja huippuv\u00e4\u00e4nt\u00f6momentti on 300 Nm (221 lb-ft) 2 000 kierroksella minuutissa. Moottori on varustettu 6-vaihteisella manuaalivaihteistolla.<\/p>\n<p>N16A1-moottorissa on monipisteruiskutusj\u00e4rjestelm\u00e4, joka mahdollistaa polttoaineen tarkan sy\u00f6tt\u00e4misen moottoriin. T\u00e4m\u00e4 j\u00e4rjestelm\u00e4 parantaa polttoainetaloutta ja v\u00e4hent\u00e4\u00e4 p\u00e4\u00e4st\u00f6j\u00e4.<\/p>\n<p>HONDA 1.6 I-DTEC -moottori (koodi: N16A1) on ollut k\u00e4yt\u00f6ss\u00e4 useissa HONDAn malleissa, mukaan lukien:<\/p>\n<ul>\n<li>Honda Civic (2013-2017)<\/li>\n<li>Honda CR-V (2013-2014)<\/li>\n<\/ul>\n<p>Yhteenvetona voidaan todeta, ett\u00e4 HONDA 1.6 I-DTEC -moottori (koodi: N16A1) on luotettava, taloudellinen ja ymp\u00e4rist\u00f6yst\u00e4v\u00e4llinen dieselmoottori, joka tarjoaa hyv\u00e4\u00e4 suorituskyky\u00e4 ja taloudellisuutta. Sen kehittyneet ominaisuudet, kuten monipisteruiskutusj\u00e4rjestelm\u00e4, tekev\u00e4t siit\u00e4 suositun valinnan kuljettajille, jotka arvostavat suorituskyky\u00e4 ja taloudellisuutta.<\/p>\n","protected":false},"excerpt":{"rendered":"<p>Honda:<\/p>\n<ul>\n<li>Civic (2013-2017)<\/li>\n<li>CR-V (2015-2018)<\/li>\n<\/ul>\n","protected":false},"featured_media":3591,"template":"","meta":[],"product_brand":[],"product_cat":[320],"product_tag":[321,322],"class_list":{"0":"post-3590","1":"product","2":"type-product","3":"status-publish","4":"has-post-thumbnail","6":"product_cat-honda","7":"product_tag-civic","8":"product_tag-cr-v","9":"pa_varaosan-osasto-moottori","12":"first","13":"instock","14":"shipping-taxable","15":"product-type-simple"},"yoast_head":"<!-- This site is optimized with the Yoast SEO plugin v26.8 - https:\/\/yoast.com\/product\/yoast-seo-wordpress\/ -->\n<title>1.6 I-DTEC &quot;N16A1&quot; Moottori [esim. HONDA CIVIC, CR-V]<\/title>\n<meta name=\"description\" content=\"Yksi moottoreista, joita meill\u00e4 on usein saatavilla. L\u00e4het\u00e4 kysely ja saat tarjouksen 24 tunnin sis\u00e4ll\u00e4. Moottorit, vaihteistot ja muut auton osat takuulla.\" \/>\n<meta name=\"robots\" content=\"index, follow, max-snippet:-1, max-image-preview:large, max-video-preview:-1\" \/>\n<link rel=\"canonical\" href=\"https:\/\/autopartscenter24.com\/fi\/auton-varaosat\/1-6-i-dtec-n16a1-moottori-honda-civic-cr-v\/\" \/>\n<meta property=\"og:locale\" content=\"fi_FI\" \/>\n<meta property=\"og:type\" content=\"article\" \/>\n<meta property=\"og:title\" content=\"1.6 I-DTEC &quot;N16A1&quot; Moottori [esim. HONDA CIVIC, CR-V]\" \/>\n<meta property=\"og:description\" content=\"Yksi moottoreista, joita meill\u00e4 on usein saatavilla. L\u00e4het\u00e4 kysely ja saat tarjouksen 24 tunnin sis\u00e4ll\u00e4. Moottorit, vaihteistot ja muut auton osat takuulla.\" \/>\n<meta property=\"og:url\" content=\"https:\/\/autopartscenter24.com\/fi\/auton-varaosat\/1-6-i-dtec-n16a1-moottori-honda-civic-cr-v\/\" \/>\n<meta property=\"og:site_name\" content=\"Autopartscenter24\" \/>\n<meta property=\"article:modified_time\" content=\"2023-03-08T16:51:30+00:00\" \/>\n<meta property=\"og:image\" content=\"https:\/\/aliceblue-termite-662564.hostingersite.com\/wp-content\/uploads\/2023\/03\/1-6-I-DTEC-N16A1-moottori-honda-civic-crv.jpg\" \/>\n\t<meta property=\"og:image:width\" content=\"800\" \/>\n\t<meta property=\"og:image:height\" content=\"600\" \/>\n\t<meta property=\"og:image:type\" content=\"image\/jpeg\" \/>\n<meta name=\"twitter:card\" content=\"summary_large_image\" \/>\n<meta name=\"twitter:label1\" content=\"Arvioitu lukuaika\" \/>\n\t<meta name=\"twitter:data1\" content=\"1 minuutti\" \/>\n<script type=\"application\/ld+json\" class=\"yoast-schema-graph\">{\"@context\":\"https:\/\/schema.org\",\"@graph\":[{\"@type\":\"WebPage\",\"@id\":\"https:\/\/aliceblue-termite-662564.hostingersite.com\/auton-varaosat\/1-6-i-dtec-n16a1-moottori-honda-civic-cr-v\/\",\"url\":\"https:\/\/aliceblue-termite-662564.hostingersite.com\/auton-varaosat\/1-6-i-dtec-n16a1-moottori-honda-civic-cr-v\/\",\"name\":\"1.6 I-DTEC \\\"N16A1\\\" Moottori [esim. HONDA CIVIC, CR-V]\",\"isPartOf\":{\"@id\":\"https:\/\/autopartscenter24.com\/#website\"},\"primaryImageOfPage\":{\"@id\":\"https:\/\/aliceblue-termite-662564.hostingersite.com\/auton-varaosat\/1-6-i-dtec-n16a1-moottori-honda-civic-cr-v\/#primaryimage\"},\"image\":{\"@id\":\"https:\/\/aliceblue-termite-662564.hostingersite.com\/auton-varaosat\/1-6-i-dtec-n16a1-moottori-honda-civic-cr-v\/#primaryimage\"},\"thumbnailUrl\":\"https:\/\/autopartscenter24.com\/wp-content\/uploads\/2023\/03\/1-6-I-DTEC-N16A1-moottori-honda-civic-crv.jpg\",\"datePublished\":\"2023-03-04T18:03:21+00:00\",\"dateModified\":\"2023-03-08T16:51:30+00:00\",\"description\":\"Yksi moottoreista, joita meill\u00e4 on usein saatavilla. L\u00e4het\u00e4 kysely ja saat tarjouksen 24 tunnin sis\u00e4ll\u00e4. Moottorit, vaihteistot ja muut auton osat takuulla.\",\"breadcrumb\":{\"@id\":\"https:\/\/aliceblue-termite-662564.hostingersite.com\/auton-varaosat\/1-6-i-dtec-n16a1-moottori-honda-civic-cr-v\/#breadcrumb\"},\"inLanguage\":\"fi\",\"potentialAction\":[{\"@type\":\"ReadAction\",\"target\":[\"https:\/\/aliceblue-termite-662564.hostingersite.com\/auton-varaosat\/1-6-i-dtec-n16a1-moottori-honda-civic-cr-v\/\"]}]},{\"@type\":\"ImageObject\",\"inLanguage\":\"fi\",\"@id\":\"https:\/\/aliceblue-termite-662564.hostingersite.com\/auton-varaosat\/1-6-i-dtec-n16a1-moottori-honda-civic-cr-v\/#primaryimage\",\"url\":\"https:\/\/autopartscenter24.com\/wp-content\/uploads\/2023\/03\/1-6-I-DTEC-N16A1-moottori-honda-civic-crv.jpg\",\"contentUrl\":\"https:\/\/autopartscenter24.com\/wp-content\/uploads\/2023\/03\/1-6-I-DTEC-N16A1-moottori-honda-civic-crv.jpg\",\"width\":800,\"height\":600},{\"@type\":\"BreadcrumbList\",\"@id\":\"https:\/\/aliceblue-termite-662564.hostingersite.com\/auton-varaosat\/1-6-i-dtec-n16a1-moottori-honda-civic-cr-v\/#breadcrumb\",\"itemListElement\":[{\"@type\":\"ListItem\",\"position\":1,\"name\":\"Etusivu\",\"item\":\"https:\/\/aliceblue-termite-662564.hostingersite.com\/\"},{\"@type\":\"ListItem\",\"position\":2,\"name\":\"Auton varaosat\",\"item\":\"https:\/\/aliceblue-termite-662564.hostingersite.com\/auton-varaosat\/\"},{\"@type\":\"ListItem\",\"position\":3,\"name\":\"1.6 I-DTEC &#8221;N16A1&#8221; Moottori [esim. HONDA CIVIC, CR-V]\"}]},{\"@type\":\"WebSite\",\"@id\":\"https:\/\/autopartscenter24.com\/#website\",\"url\":\"https:\/\/autopartscenter24.com\/\",\"name\":\"Autopartscenter24\",\"description\":\"K\u00c4YTETYT JA KUNNOSTETUT  AUTON VARAOSAT\",\"potentialAction\":[{\"@type\":\"SearchAction\",\"target\":{\"@type\":\"EntryPoint\",\"urlTemplate\":\"https:\/\/autopartscenter24.com\/?s={search_term_string}\"},\"query-input\":{\"@type\":\"PropertyValueSpecification\",\"valueRequired\":true,\"valueName\":\"search_term_string\"}}],\"inLanguage\":\"fi\"}]}<\/script>\n<!-- \/ Yoast SEO plugin. -->","yoast_head_json":{"title":"1.6 I-DTEC \"N16A1\" Moottori [esim. HONDA CIVIC, CR-V]","description":"Yksi moottoreista, joita meill\u00e4 on usein saatavilla. L\u00e4het\u00e4 kysely ja saat tarjouksen 24 tunnin sis\u00e4ll\u00e4. Moottorit, vaihteistot ja muut auton osat takuulla.","robots":{"index":"index","follow":"follow","max-snippet":"max-snippet:-1","max-image-preview":"max-image-preview:large","max-video-preview":"max-video-preview:-1"},"canonical":"https:\/\/autopartscenter24.com\/fi\/auton-varaosat\/1-6-i-dtec-n16a1-moottori-honda-civic-cr-v\/","og_locale":"fi_FI","og_type":"article","og_title":"1.6 I-DTEC \"N16A1\" Moottori [esim. HONDA CIVIC, CR-V]","og_description":"Yksi moottoreista, joita meill\u00e4 on usein saatavilla. L\u00e4het\u00e4 kysely ja saat tarjouksen 24 tunnin sis\u00e4ll\u00e4. Moottorit, vaihteistot ja muut auton osat takuulla.","og_url":"https:\/\/autopartscenter24.com\/fi\/auton-varaosat\/1-6-i-dtec-n16a1-moottori-honda-civic-cr-v\/","og_site_name":"Autopartscenter24","article_modified_time":"2023-03-08T16:51:30+00:00","og_image":[{"width":800,"height":600,"url":"https:\/\/aliceblue-termite-662564.hostingersite.com\/wp-content\/uploads\/2023\/03\/1-6-I-DTEC-N16A1-moottori-honda-civic-crv.jpg","type":"image\/jpeg"}],"twitter_card":"summary_large_image","twitter_misc":{"Arvioitu lukuaika":"1 minuutti"},"schema":{"@context":"https:\/\/schema.org","@graph":[{"@type":"WebPage","@id":"https:\/\/aliceblue-termite-662564.hostingersite.com\/auton-varaosat\/1-6-i-dtec-n16a1-moottori-honda-civic-cr-v\/","url":"https:\/\/aliceblue-termite-662564.hostingersite.com\/auton-varaosat\/1-6-i-dtec-n16a1-moottori-honda-civic-cr-v\/","name":"1.6 I-DTEC \"N16A1\" Moottori [esim. HONDA CIVIC, CR-V]","isPartOf":{"@id":"https:\/\/autopartscenter24.com\/#website"},"primaryImageOfPage":{"@id":"https:\/\/aliceblue-termite-662564.hostingersite.com\/auton-varaosat\/1-6-i-dtec-n16a1-moottori-honda-civic-cr-v\/#primaryimage"},"image":{"@id":"https:\/\/aliceblue-termite-662564.hostingersite.com\/auton-varaosat\/1-6-i-dtec-n16a1-moottori-honda-civic-cr-v\/#primaryimage"},"thumbnailUrl":"https:\/\/autopartscenter24.com\/wp-content\/uploads\/2023\/03\/1-6-I-DTEC-N16A1-moottori-honda-civic-crv.jpg","datePublished":"2023-03-04T18:03:21+00:00","dateModified":"2023-03-08T16:51:30+00:00","description":"Yksi moottoreista, joita meill\u00e4 on usein saatavilla. L\u00e4het\u00e4 kysely ja saat tarjouksen 24 tunnin sis\u00e4ll\u00e4. Moottorit, vaihteistot ja muut auton osat takuulla.","breadcrumb":{"@id":"https:\/\/aliceblue-termite-662564.hostingersite.com\/auton-varaosat\/1-6-i-dtec-n16a1-moottori-honda-civic-cr-v\/#breadcrumb"},"inLanguage":"fi","potentialAction":[{"@type":"ReadAction","target":["https:\/\/aliceblue-termite-662564.hostingersite.com\/auton-varaosat\/1-6-i-dtec-n16a1-moottori-honda-civic-cr-v\/"]}]},{"@type":"ImageObject","inLanguage":"fi","@id":"https:\/\/aliceblue-termite-662564.hostingersite.com\/auton-varaosat\/1-6-i-dtec-n16a1-moottori-honda-civic-cr-v\/#primaryimage","url":"https:\/\/autopartscenter24.com\/wp-content\/uploads\/2023\/03\/1-6-I-DTEC-N16A1-moottori-honda-civic-crv.jpg","contentUrl":"https:\/\/autopartscenter24.com\/wp-content\/uploads\/2023\/03\/1-6-I-DTEC-N16A1-moottori-honda-civic-crv.jpg","width":800,"height":600},{"@type":"BreadcrumbList","@id":"https:\/\/aliceblue-termite-662564.hostingersite.com\/auton-varaosat\/1-6-i-dtec-n16a1-moottori-honda-civic-cr-v\/#breadcrumb","itemListElement":[{"@type":"ListItem","position":1,"name":"Etusivu","item":"https:\/\/aliceblue-termite-662564.hostingersite.com\/"},{"@type":"ListItem","position":2,"name":"Auton varaosat","item":"https:\/\/aliceblue-termite-662564.hostingersite.com\/auton-varaosat\/"},{"@type":"ListItem","position":3,"name":"1.6 I-DTEC &#8221;N16A1&#8221; Moottori [esim. HONDA CIVIC, CR-V]"}]},{"@type":"WebSite","@id":"https:\/\/autopartscenter24.com\/#website","url":"https:\/\/autopartscenter24.com\/","name":"Autopartscenter24","description":"K\u00c4YTETYT JA KUNNOSTETUT  AUTON VARAOSAT","potentialAction":[{"@type":"SearchAction","target":{"@type":"EntryPoint","urlTemplate":"https:\/\/autopartscenter24.com\/?s={search_term_string}"},"query-input":{"@type":"PropertyValueSpecification","valueRequired":true,"valueName":"search_term_string"}}],"inLanguage":"fi"}]}},"_links":{"self":[{"href":"https:\/\/autopartscenter24.com\/fi\/wp-json\/wp\/v2\/product\/3590","targetHints":{"allow":["GET"]}}],"collection":[{"href":"https:\/\/autopartscenter24.com\/fi\/wp-json\/wp\/v2\/product"}],"about":[{"href":"https:\/\/autopartscenter24.com\/fi\/wp-json\/wp\/v2\/types\/product"}],"wp:featuredmedia":[{"embeddable":true,"href":"https:\/\/autopartscenter24.com\/fi\/wp-json\/wp\/v2\/media\/3591"}],"wp:attachment":[{"href":"https:\/\/autopartscenter24.com\/fi\/wp-json\/wp\/v2\/media?parent=3590"}],"wp:term":[{"taxonomy":"product_brand","embeddable":true,"href":"https:\/\/autopartscenter24.com\/fi\/wp-json\/wp\/v2\/product_brand?post=3590"},{"taxonomy":"product_cat","embeddable":true,"href":"https:\/\/autopartscenter24.com\/fi\/wp-json\/wp\/v2\/product_cat?post=3590"},{"taxonomy":"product_tag","embeddable":true,"href":"https:\/\/autopartscenter24.com\/fi\/wp-json\/wp\/v2\/product_tag?post=3590"}],"curies":[{"name":"wp","href":"https:\/\/api.w.org\/{rel}","templated":true}]}}