{"id":3578,"date":"2023-03-04T18:32:54","date_gmt":"2023-03-04T17:32:54","guid":{"rendered":"https:\/\/autopartscenter24.com\/?post_type=product&#038;p=3578"},"modified":"2023-03-10T19:22:33","modified_gmt":"2023-03-10T18:22:33","slug":"1-6-vti-5fw-moottori-peugeot-citroen","status":"publish","type":"product","link":"https:\/\/autopartscenter24.com\/fi\/auton-varaosat\/1-6-vti-5fw-moottori-peugeot-citroen\/","title":{"rendered":"1.6 VTI &#8221;5FW&#8221; Moottori [esim. 308, 5008, RCZ, C3, C5, DS3, DS4]"},"content":{"rendered":"<p><strong>1.6 VTI -moottori<\/strong>, jonka <strong>moottorikoodi on 5FW<\/strong>, on nelisylinterinen bensiinimoottori, jota on k\u00e4ytetty useissa Peugeot- ja Citroen-malleissa. T\u00e4m\u00e4 moottori esiteltiin ensimm\u00e4isen kerran vuonna 2007 ja sit\u00e4 pidet\u00e4\u00e4n hyv\u00e4n\u00e4 suorituskyvyn ja polttoainetehokkuuden vuoksi.<\/p>\n<p>5FW-moottorissa on alumiininen sylinterilohko ja sylinterikansi. Se k\u00e4ytt\u00e4\u00e4 DOHC (kaksoisyl\u00e4puoliskoinen nokka-akseli) venttiililaitetta, jossa on nelj\u00e4 venttiili\u00e4 per sylinteri. Siin\u00e4 on my\u00f6s muuttuva venttiilin ajoitus, joka s\u00e4\u00e4t\u00e4\u00e4 imun ja pakokaasun venttiilien ajoitusta paremman moottorin suorituskyvyn ja tehokkuuden saavuttamiseksi.<\/p>\n<p>Moottorin tilavuus on 1,6 litraa ja se tuottaa enimm\u00e4istehon 120 hevosvoimaa (88 kW) 6 000 kierroksessa minuutissa ja huippuv\u00e4\u00e4nt\u00f6momentin 160 Nm (118 lb-ft) 4 250 kierroksessa minuutissa. Se on kytketty 5-vaihteisen manuaalisen tai 4-vaihteisen automaattisen vaihteiston kanssa riippuen auton mallista.<\/p>\n<p>5FW-moottorissa on my\u00f6s suorasuihkutusj\u00e4rjestelm\u00e4, joka sy\u00f6tt\u00e4\u00e4 polttoaineen korkeassa paineessa suoraan moottoriin suoraan suuttimen kautta. T\u00e4m\u00e4 j\u00e4rjestelm\u00e4 tarjoaa paremman polttoainetehokkuuden ja alhaisemmat p\u00e4\u00e4st\u00f6t verrattuna vanhempiin polttoaineen ruiskutusj\u00e4rjestelmiin.<\/p>\n<p>Kaiken kaikkiaan 1.6 VTI -moottori, jonka moottorikoodi on 5FW, on luotettava ja tehokas bensiinimoottori, joka tarjoaa hyv\u00e4n suorituskyvyn ja polttoainetalouden. Sen kehittyneet ominaisuudet, kuten muuttuva venttiilin ajoitus ja suorasuihkutus, tekev\u00e4t siit\u00e4 suositun valinnan kuljettajille, jotka arvostavat suorituskyky\u00e4 ja tehokkuutta.<\/p>\n","protected":false},"excerpt":{"rendered":"<p>Peugeot:<\/p>\n<ul>\n<li>Peugeot 207 (2007-2014)<\/li>\n<li>Peugeot 308 (2007-2014)<\/li>\n<li>Peugeot 3008 (2009-2016)<\/li>\n<li>Peugeot 5008 (2009-2016)<\/li>\n<li>Peugeot RCZ (2010-2015)<\/li>\n<\/ul>\n<p>Citroen:<\/p>\n<ul>\n<li>Citroen C4 (2009-2018)<\/li>\n<li>Citroen C5 (2008-2017)<\/li>\n<li>Citroen C3 Picasso (2008-2017)<\/li>\n<li>Citroen DS3 (2009-2015)<\/li>\n<li>Citroen DS4 (2011-2018)<\/li>\n<\/ul>\n","protected":false},"featured_media":4341,"template":"","meta":[],"product_brand":[],"product_cat":[316,315],"product_tag":[332,334,333,335,337,338,339,340,341,336],"class_list":{"0":"post-3578","1":"product","2":"type-product","3":"status-publish","4":"has-post-thumbnail","6":"product_cat-citroen","7":"product_cat-peugeot","8":"product_tag-332","9":"product_tag-334","10":"product_tag-333","11":"product_tag-335","12":"product_tag-c3","13":"product_tag-c4","14":"product_tag-c5","15":"product_tag-ds3","16":"product_tag-ds4","17":"product_tag-rcz","18":"pa_varaosan-osasto-moottori","21":"first","22":"instock","23":"shipping-taxable","24":"product-type-simple"},"yoast_head":"<!-- This site is optimized with the Yoast SEO plugin v26.8 - https:\/\/yoast.com\/product\/yoast-seo-wordpress\/ -->\n<title>1.6 VTI &quot;5FW&quot; Moottori [esim. 308, 5008, RCZ, C3, C5, DS3, DS4]<\/title>\n<meta name=\"description\" content=\"Yksi moottoreista, joita meill\u00e4 on usein saatavilla. L\u00e4het\u00e4 kysely ja saat tarjouksen 24 tunnin sis\u00e4ll\u00e4. Moottorit, vaihteistot ja muut auton osat takuulla.\" \/>\n<meta name=\"robots\" content=\"index, follow, max-snippet:-1, max-image-preview:large, max-video-preview:-1\" \/>\n<link rel=\"canonical\" href=\"https:\/\/autopartscenter24.com\/fi\/auton-varaosat\/1-6-vti-5fw-moottori-peugeot-citroen\/\" \/>\n<meta property=\"og:locale\" content=\"fi_FI\" \/>\n<meta property=\"og:type\" content=\"article\" \/>\n<meta property=\"og:title\" content=\"1.6 VTI &quot;5FW&quot; Moottori [esim. 308, 5008, RCZ, C3, C5, DS3, DS4]\" \/>\n<meta property=\"og:description\" content=\"Yksi moottoreista, joita meill\u00e4 on usein saatavilla. L\u00e4het\u00e4 kysely ja saat tarjouksen 24 tunnin sis\u00e4ll\u00e4. Moottorit, vaihteistot ja muut auton osat takuulla.\" \/>\n<meta property=\"og:url\" content=\"https:\/\/autopartscenter24.com\/fi\/auton-varaosat\/1-6-vti-5fw-moottori-peugeot-citroen\/\" \/>\n<meta property=\"og:site_name\" content=\"Autopartscenter24\" \/>\n<meta property=\"article:modified_time\" content=\"2023-03-10T18:22:33+00:00\" \/>\n<meta property=\"og:image\" content=\"https:\/\/aliceblue-termite-662564.hostingersite.com\/wp-content\/uploads\/2023\/03\/1-6-VTI-5FW-moottori-peugeot-citroen.webp\" \/>\n\t<meta property=\"og:image:width\" content=\"800\" \/>\n\t<meta property=\"og:image:height\" content=\"600\" \/>\n\t<meta property=\"og:image:type\" content=\"image\/webp\" \/>\n<meta name=\"twitter:card\" content=\"summary_large_image\" \/>\n<meta name=\"twitter:label1\" content=\"Arvioitu lukuaika\" \/>\n\t<meta name=\"twitter:data1\" content=\"1 minuutti\" \/>\n<script type=\"application\/ld+json\" class=\"yoast-schema-graph\">{\"@context\":\"https:\/\/schema.org\",\"@graph\":[{\"@type\":\"WebPage\",\"@id\":\"https:\/\/aliceblue-termite-662564.hostingersite.com\/auton-varaosat\/1-6-vti-5fw-moottori-peugeot-citroen\/\",\"url\":\"https:\/\/aliceblue-termite-662564.hostingersite.com\/auton-varaosat\/1-6-vti-5fw-moottori-peugeot-citroen\/\",\"name\":\"1.6 VTI \\\"5FW\\\" Moottori [esim. 308, 5008, RCZ, C3, C5, DS3, DS4]\",\"isPartOf\":{\"@id\":\"https:\/\/autopartscenter24.com\/#website\"},\"primaryImageOfPage\":{\"@id\":\"https:\/\/aliceblue-termite-662564.hostingersite.com\/auton-varaosat\/1-6-vti-5fw-moottori-peugeot-citroen\/#primaryimage\"},\"image\":{\"@id\":\"https:\/\/aliceblue-termite-662564.hostingersite.com\/auton-varaosat\/1-6-vti-5fw-moottori-peugeot-citroen\/#primaryimage\"},\"thumbnailUrl\":\"https:\/\/autopartscenter24.com\/wp-content\/uploads\/2023\/03\/1-6-VTI-5FW-moottori-peugeot-citroen.webp\",\"datePublished\":\"2023-03-04T17:32:54+00:00\",\"dateModified\":\"2023-03-10T18:22:33+00:00\",\"description\":\"Yksi moottoreista, joita meill\u00e4 on usein saatavilla. L\u00e4het\u00e4 kysely ja saat tarjouksen 24 tunnin sis\u00e4ll\u00e4. Moottorit, vaihteistot ja muut auton osat takuulla.\",\"breadcrumb\":{\"@id\":\"https:\/\/aliceblue-termite-662564.hostingersite.com\/auton-varaosat\/1-6-vti-5fw-moottori-peugeot-citroen\/#breadcrumb\"},\"inLanguage\":\"fi\",\"potentialAction\":[{\"@type\":\"ReadAction\",\"target\":[\"https:\/\/aliceblue-termite-662564.hostingersite.com\/auton-varaosat\/1-6-vti-5fw-moottori-peugeot-citroen\/\"]}]},{\"@type\":\"ImageObject\",\"inLanguage\":\"fi\",\"@id\":\"https:\/\/aliceblue-termite-662564.hostingersite.com\/auton-varaosat\/1-6-vti-5fw-moottori-peugeot-citroen\/#primaryimage\",\"url\":\"https:\/\/autopartscenter24.com\/wp-content\/uploads\/2023\/03\/1-6-VTI-5FW-moottori-peugeot-citroen.webp\",\"contentUrl\":\"https:\/\/autopartscenter24.com\/wp-content\/uploads\/2023\/03\/1-6-VTI-5FW-moottori-peugeot-citroen.webp\",\"width\":800,\"height\":600},{\"@type\":\"BreadcrumbList\",\"@id\":\"https:\/\/aliceblue-termite-662564.hostingersite.com\/auton-varaosat\/1-6-vti-5fw-moottori-peugeot-citroen\/#breadcrumb\",\"itemListElement\":[{\"@type\":\"ListItem\",\"position\":1,\"name\":\"Etusivu\",\"item\":\"https:\/\/aliceblue-termite-662564.hostingersite.com\/\"},{\"@type\":\"ListItem\",\"position\":2,\"name\":\"Auton varaosat\",\"item\":\"https:\/\/aliceblue-termite-662564.hostingersite.com\/auton-varaosat\/\"},{\"@type\":\"ListItem\",\"position\":3,\"name\":\"1.6 VTI &#8221;5FW&#8221; Moottori [esim. 308, 5008, RCZ, C3, C5, DS3, DS4]\"}]},{\"@type\":\"WebSite\",\"@id\":\"https:\/\/autopartscenter24.com\/#website\",\"url\":\"https:\/\/autopartscenter24.com\/\",\"name\":\"Autopartscenter24\",\"description\":\"K\u00c4YTETYT JA KUNNOSTETUT  AUTON VARAOSAT\",\"potentialAction\":[{\"@type\":\"SearchAction\",\"target\":{\"@type\":\"EntryPoint\",\"urlTemplate\":\"https:\/\/autopartscenter24.com\/?s={search_term_string}\"},\"query-input\":{\"@type\":\"PropertyValueSpecification\",\"valueRequired\":true,\"valueName\":\"search_term_string\"}}],\"inLanguage\":\"fi\"}]}<\/script>\n<!-- \/ Yoast SEO plugin. -->","yoast_head_json":{"title":"1.6 VTI \"5FW\" Moottori [esim. 308, 5008, RCZ, C3, C5, DS3, DS4]","description":"Yksi moottoreista, joita meill\u00e4 on usein saatavilla. L\u00e4het\u00e4 kysely ja saat tarjouksen 24 tunnin sis\u00e4ll\u00e4. Moottorit, vaihteistot ja muut auton osat takuulla.","robots":{"index":"index","follow":"follow","max-snippet":"max-snippet:-1","max-image-preview":"max-image-preview:large","max-video-preview":"max-video-preview:-1"},"canonical":"https:\/\/autopartscenter24.com\/fi\/auton-varaosat\/1-6-vti-5fw-moottori-peugeot-citroen\/","og_locale":"fi_FI","og_type":"article","og_title":"1.6 VTI \"5FW\" Moottori [esim. 308, 5008, RCZ, C3, C5, DS3, DS4]","og_description":"Yksi moottoreista, joita meill\u00e4 on usein saatavilla. L\u00e4het\u00e4 kysely ja saat tarjouksen 24 tunnin sis\u00e4ll\u00e4. Moottorit, vaihteistot ja muut auton osat takuulla.","og_url":"https:\/\/autopartscenter24.com\/fi\/auton-varaosat\/1-6-vti-5fw-moottori-peugeot-citroen\/","og_site_name":"Autopartscenter24","article_modified_time":"2023-03-10T18:22:33+00:00","og_image":[{"width":800,"height":600,"url":"https:\/\/aliceblue-termite-662564.hostingersite.com\/wp-content\/uploads\/2023\/03\/1-6-VTI-5FW-moottori-peugeot-citroen.webp","type":"image\/webp"}],"twitter_card":"summary_large_image","twitter_misc":{"Arvioitu lukuaika":"1 minuutti"},"schema":{"@context":"https:\/\/schema.org","@graph":[{"@type":"WebPage","@id":"https:\/\/aliceblue-termite-662564.hostingersite.com\/auton-varaosat\/1-6-vti-5fw-moottori-peugeot-citroen\/","url":"https:\/\/aliceblue-termite-662564.hostingersite.com\/auton-varaosat\/1-6-vti-5fw-moottori-peugeot-citroen\/","name":"1.6 VTI \"5FW\" Moottori [esim. 308, 5008, RCZ, C3, C5, DS3, DS4]","isPartOf":{"@id":"https:\/\/autopartscenter24.com\/#website"},"primaryImageOfPage":{"@id":"https:\/\/aliceblue-termite-662564.hostingersite.com\/auton-varaosat\/1-6-vti-5fw-moottori-peugeot-citroen\/#primaryimage"},"image":{"@id":"https:\/\/aliceblue-termite-662564.hostingersite.com\/auton-varaosat\/1-6-vti-5fw-moottori-peugeot-citroen\/#primaryimage"},"thumbnailUrl":"https:\/\/autopartscenter24.com\/wp-content\/uploads\/2023\/03\/1-6-VTI-5FW-moottori-peugeot-citroen.webp","datePublished":"2023-03-04T17:32:54+00:00","dateModified":"2023-03-10T18:22:33+00:00","description":"Yksi moottoreista, joita meill\u00e4 on usein saatavilla. L\u00e4het\u00e4 kysely ja saat tarjouksen 24 tunnin sis\u00e4ll\u00e4. Moottorit, vaihteistot ja muut auton osat takuulla.","breadcrumb":{"@id":"https:\/\/aliceblue-termite-662564.hostingersite.com\/auton-varaosat\/1-6-vti-5fw-moottori-peugeot-citroen\/#breadcrumb"},"inLanguage":"fi","potentialAction":[{"@type":"ReadAction","target":["https:\/\/aliceblue-termite-662564.hostingersite.com\/auton-varaosat\/1-6-vti-5fw-moottori-peugeot-citroen\/"]}]},{"@type":"ImageObject","inLanguage":"fi","@id":"https:\/\/aliceblue-termite-662564.hostingersite.com\/auton-varaosat\/1-6-vti-5fw-moottori-peugeot-citroen\/#primaryimage","url":"https:\/\/autopartscenter24.com\/wp-content\/uploads\/2023\/03\/1-6-VTI-5FW-moottori-peugeot-citroen.webp","contentUrl":"https:\/\/autopartscenter24.com\/wp-content\/uploads\/2023\/03\/1-6-VTI-5FW-moottori-peugeot-citroen.webp","width":800,"height":600},{"@type":"BreadcrumbList","@id":"https:\/\/aliceblue-termite-662564.hostingersite.com\/auton-varaosat\/1-6-vti-5fw-moottori-peugeot-citroen\/#breadcrumb","itemListElement":[{"@type":"ListItem","position":1,"name":"Etusivu","item":"https:\/\/aliceblue-termite-662564.hostingersite.com\/"},{"@type":"ListItem","position":2,"name":"Auton varaosat","item":"https:\/\/aliceblue-termite-662564.hostingersite.com\/auton-varaosat\/"},{"@type":"ListItem","position":3,"name":"1.6 VTI &#8221;5FW&#8221; Moottori [esim. 308, 5008, RCZ, C3, C5, DS3, DS4]"}]},{"@type":"WebSite","@id":"https:\/\/autopartscenter24.com\/#website","url":"https:\/\/autopartscenter24.com\/","name":"Autopartscenter24","description":"K\u00c4YTETYT JA KUNNOSTETUT  AUTON VARAOSAT","potentialAction":[{"@type":"SearchAction","target":{"@type":"EntryPoint","urlTemplate":"https:\/\/autopartscenter24.com\/?s={search_term_string}"},"query-input":{"@type":"PropertyValueSpecification","valueRequired":true,"valueName":"search_term_string"}}],"inLanguage":"fi"}]}},"_links":{"self":[{"href":"https:\/\/autopartscenter24.com\/fi\/wp-json\/wp\/v2\/product\/3578","targetHints":{"allow":["GET"]}}],"collection":[{"href":"https:\/\/autopartscenter24.com\/fi\/wp-json\/wp\/v2\/product"}],"about":[{"href":"https:\/\/autopartscenter24.com\/fi\/wp-json\/wp\/v2\/types\/product"}],"wp:featuredmedia":[{"embeddable":true,"href":"https:\/\/autopartscenter24.com\/fi\/wp-json\/wp\/v2\/media\/4341"}],"wp:attachment":[{"href":"https:\/\/autopartscenter24.com\/fi\/wp-json\/wp\/v2\/media?parent=3578"}],"wp:term":[{"taxonomy":"product_brand","embeddable":true,"href":"https:\/\/autopartscenter24.com\/fi\/wp-json\/wp\/v2\/product_brand?post=3578"},{"taxonomy":"product_cat","embeddable":true,"href":"https:\/\/autopartscenter24.com\/fi\/wp-json\/wp\/v2\/product_cat?post=3578"},{"taxonomy":"product_tag","embeddable":true,"href":"https:\/\/autopartscenter24.com\/fi\/wp-json\/wp\/v2\/product_tag?post=3578"}],"curies":[{"name":"wp","href":"https:\/\/api.w.org\/{rel}","templated":true}]}}