{"id":3572,"date":"2023-03-04T18:18:11","date_gmt":"2023-03-04T17:18:11","guid":{"rendered":"https:\/\/autopartscenter24.com\/?post_type=product&#038;p=3572"},"modified":"2023-03-10T19:22:16","modified_gmt":"2023-03-10T18:22:16","slug":"2-3-l3-moottori-esim-mazda-3-6-cx-7","status":"publish","type":"product","link":"https:\/\/autopartscenter24.com\/fi\/auton-varaosat\/2-3-l3-moottori-esim-mazda-3-6-cx-7\/","title":{"rendered":"2.3 &#8221;L3&#8221; Moottori [esim. Mazda 3, 6, CX-7]"},"content":{"rendered":"<p><strong>Mazda 2.3-litrainen moottori<\/strong>, jonka <strong>moottorikoodi on L3<\/strong>, on nelisylinterinen bensiinimoottori, joka esiteltiin ensimm\u00e4isen kerran vuonna 2001. Sit\u00e4 on k\u00e4ytetty useissa Mazda-malleissa, sek\u00e4 joissakin Ford- ja Volvo-malleissa.<\/p>\n<p>L3-moottorilla on alumiininen sylinterikansi ja lohko, ja se on varustettu DOHC-venttiilij\u00e4rjestelm\u00e4ll\u00e4, jossa on nelj\u00e4 venttiili\u00e4 per sylinteri. Moottorissa on my\u00f6s muuttuva venttiilien ajoitus, joka s\u00e4\u00e4t\u00e4\u00e4 imu- ja pakopuolen venttiilien ajoitusta paremman moottorin suorituskyvyn ja tehokkuuden saavuttamiseksi.<\/p>\n<p>Moottorin tilavuus on 2,3 litraa ja se tuottaa enimm\u00e4istehon 156 hevosvoimaa (116 kW) 6 500 rpm:n kohdalla ja huippuv\u00e4\u00e4nn\u00f6n 200 Nm (148 lb-ft) 3 500 rpm:n kohdalla. Moottori on yhdistetty joko 4-portaiseen automaatti-, 5-portaiseen manuaali- tai 6-portaiseen manuaalivaihteistoon, riippuen auton mallista.<\/p>\n<p>L3-moottorissa on my\u00f6s elektroninen kaasupolkimen ohjausj\u00e4rjestelm\u00e4, joka korvaa perinteisen kaasuvaijerin elektronisella anturilla. T\u00e4m\u00e4 mahdollistaa tarkemman hallinnan moottorin ilman ja polttoaineen seokselle, mik\u00e4 johtaa parempaan suorituskykyyn ja polttoainetaloudellisuuteen.<\/p>\n<p>Mazda 2.3-litrainen moottori, jonka moottorikoodi on L3, on asennettu useisiin Mazda-malleihin, mukaan lukien:<\/p>\n<ul>\n<li>Mazda 3 (2004-2009)<\/li>\n<li>Mazda 6 (2003-2008)<\/li>\n<li>Mazda CX-7 (2006-2012)<\/li>\n<\/ul>\n<p>Lis\u00e4ksi moottoria on k\u00e4ytetty my\u00f6s joissakin Ford- ja Volvo-malleissa, kuten Ford Focus ST:ss\u00e4 ja Volvo S40:ss\u00e4.<\/p>\n<p>Kaiken kaikkiaan Mazda 2.3-litrainen moottori, jonka moottorikoodi on L3, on luotettava ja tehokas bensiinimoottori, joka tarjoaa hyv\u00e4n suorituskyvyn ja polttoainetaloudellisuuden. Sen kehittyneet ominaisuudet, kuten muuttuva venttiilien ajoitus ja elektroninen kaasupolkimen ohjaus, tekev\u00e4t siit\u00e4 suositun valinnan kuljettajille, jotka arvostavat suorituskyky\u00e4 ja tehokkuutta.<\/p>\n","protected":false},"excerpt":{"rendered":"<p>Mazda:<\/p>\n<ul>\n<li>Mazda 3 (2004-2009)<\/li>\n<li>Mazda 6 (2003-2008)<\/li>\n<li>Mazda CX-7 (2006-2012)<\/li>\n<\/ul>\n<p>Ford:<\/p>\n<ul>\n<li>Ford Focus ST (2006-2010)<\/li>\n<\/ul>\n<p>Volvo:<\/p>\n<ul>\n<li>Volvo S40 (2004-2010)<\/li>\n<\/ul>\n","protected":false},"featured_media":4336,"template":"","meta":[],"product_brand":[],"product_cat":[314],"product_tag":[342,343,344],"class_list":{"0":"post-3572","1":"product","2":"type-product","3":"status-publish","4":"has-post-thumbnail","6":"product_cat-mazda","7":"product_tag-342","8":"product_tag-343","9":"product_tag-cx-7","10":"pa_varaosan-osasto-moottori","13":"first","14":"instock","15":"shipping-taxable","16":"product-type-simple"},"yoast_head":"<!-- This site is optimized with the Yoast SEO plugin v26.8 - https:\/\/yoast.com\/product\/yoast-seo-wordpress\/ -->\n<title>2.3 &quot;L3&quot; Moottori [esim. Mazda 3, 6, CX-7]<\/title>\n<meta name=\"description\" content=\"Yksi moottoreista, joita meill\u00e4 on usein saatavilla. L\u00e4het\u00e4 kysely ja saat tarjouksen 24 tunnin sis\u00e4ll\u00e4. Moottorit, vaihteistot ja muut auton osat takuulla.\" \/>\n<meta name=\"robots\" content=\"index, follow, max-snippet:-1, max-image-preview:large, max-video-preview:-1\" \/>\n<link rel=\"canonical\" href=\"https:\/\/autopartscenter24.com\/fi\/auton-varaosat\/2-3-l3-moottori-esim-mazda-3-6-cx-7\/\" \/>\n<meta property=\"og:locale\" content=\"fi_FI\" \/>\n<meta property=\"og:type\" content=\"article\" \/>\n<meta property=\"og:title\" content=\"2.3 &quot;L3&quot; Moottori [esim. Mazda 3, 6, CX-7]\" \/>\n<meta property=\"og:description\" content=\"Yksi moottoreista, joita meill\u00e4 on usein saatavilla. L\u00e4het\u00e4 kysely ja saat tarjouksen 24 tunnin sis\u00e4ll\u00e4. Moottorit, vaihteistot ja muut auton osat takuulla.\" \/>\n<meta property=\"og:url\" content=\"https:\/\/autopartscenter24.com\/fi\/auton-varaosat\/2-3-l3-moottori-esim-mazda-3-6-cx-7\/\" \/>\n<meta property=\"og:site_name\" content=\"Autopartscenter24\" \/>\n<meta property=\"article:modified_time\" content=\"2023-03-10T18:22:16+00:00\" \/>\n<meta property=\"og:image\" content=\"https:\/\/aliceblue-termite-662564.hostingersite.com\/wp-content\/uploads\/2023\/03\/MAZDA-6-GY-GG-2-3-L3.webp\" \/>\n\t<meta property=\"og:image:width\" content=\"800\" \/>\n\t<meta property=\"og:image:height\" content=\"600\" \/>\n\t<meta property=\"og:image:type\" content=\"image\/webp\" \/>\n<meta name=\"twitter:card\" content=\"summary_large_image\" \/>\n<meta name=\"twitter:label1\" content=\"Arvioitu lukuaika\" \/>\n\t<meta name=\"twitter:data1\" content=\"1 minuutti\" \/>\n<script type=\"application\/ld+json\" class=\"yoast-schema-graph\">{\"@context\":\"https:\/\/schema.org\",\"@graph\":[{\"@type\":\"WebPage\",\"@id\":\"https:\/\/aliceblue-termite-662564.hostingersite.com\/auton-varaosat\/2-3-l3-moottori-esim-mazda-3-6-cx-7\/\",\"url\":\"https:\/\/aliceblue-termite-662564.hostingersite.com\/auton-varaosat\/2-3-l3-moottori-esim-mazda-3-6-cx-7\/\",\"name\":\"2.3 \\\"L3\\\" Moottori [esim. Mazda 3, 6, CX-7]\",\"isPartOf\":{\"@id\":\"https:\/\/autopartscenter24.com\/#website\"},\"primaryImageOfPage\":{\"@id\":\"https:\/\/aliceblue-termite-662564.hostingersite.com\/auton-varaosat\/2-3-l3-moottori-esim-mazda-3-6-cx-7\/#primaryimage\"},\"image\":{\"@id\":\"https:\/\/aliceblue-termite-662564.hostingersite.com\/auton-varaosat\/2-3-l3-moottori-esim-mazda-3-6-cx-7\/#primaryimage\"},\"thumbnailUrl\":\"https:\/\/autopartscenter24.com\/wp-content\/uploads\/2023\/03\/MAZDA-6-GY-GG-2-3-L3.webp\",\"datePublished\":\"2023-03-04T17:18:11+00:00\",\"dateModified\":\"2023-03-10T18:22:16+00:00\",\"description\":\"Yksi moottoreista, joita meill\u00e4 on usein saatavilla. L\u00e4het\u00e4 kysely ja saat tarjouksen 24 tunnin sis\u00e4ll\u00e4. Moottorit, vaihteistot ja muut auton osat takuulla.\",\"breadcrumb\":{\"@id\":\"https:\/\/aliceblue-termite-662564.hostingersite.com\/auton-varaosat\/2-3-l3-moottori-esim-mazda-3-6-cx-7\/#breadcrumb\"},\"inLanguage\":\"fi\",\"potentialAction\":[{\"@type\":\"ReadAction\",\"target\":[\"https:\/\/aliceblue-termite-662564.hostingersite.com\/auton-varaosat\/2-3-l3-moottori-esim-mazda-3-6-cx-7\/\"]}]},{\"@type\":\"ImageObject\",\"inLanguage\":\"fi\",\"@id\":\"https:\/\/aliceblue-termite-662564.hostingersite.com\/auton-varaosat\/2-3-l3-moottori-esim-mazda-3-6-cx-7\/#primaryimage\",\"url\":\"https:\/\/autopartscenter24.com\/wp-content\/uploads\/2023\/03\/MAZDA-6-GY-GG-2-3-L3.webp\",\"contentUrl\":\"https:\/\/autopartscenter24.com\/wp-content\/uploads\/2023\/03\/MAZDA-6-GY-GG-2-3-L3.webp\",\"width\":800,\"height\":600},{\"@type\":\"BreadcrumbList\",\"@id\":\"https:\/\/aliceblue-termite-662564.hostingersite.com\/auton-varaosat\/2-3-l3-moottori-esim-mazda-3-6-cx-7\/#breadcrumb\",\"itemListElement\":[{\"@type\":\"ListItem\",\"position\":1,\"name\":\"Etusivu\",\"item\":\"https:\/\/aliceblue-termite-662564.hostingersite.com\/\"},{\"@type\":\"ListItem\",\"position\":2,\"name\":\"Auton varaosat\",\"item\":\"https:\/\/aliceblue-termite-662564.hostingersite.com\/auton-varaosat\/\"},{\"@type\":\"ListItem\",\"position\":3,\"name\":\"2.3 &#8221;L3&#8221; Moottori [esim. Mazda 3, 6, CX-7]\"}]},{\"@type\":\"WebSite\",\"@id\":\"https:\/\/autopartscenter24.com\/#website\",\"url\":\"https:\/\/autopartscenter24.com\/\",\"name\":\"Autopartscenter24\",\"description\":\"K\u00c4YTETYT JA KUNNOSTETUT  AUTON VARAOSAT\",\"potentialAction\":[{\"@type\":\"SearchAction\",\"target\":{\"@type\":\"EntryPoint\",\"urlTemplate\":\"https:\/\/autopartscenter24.com\/?s={search_term_string}\"},\"query-input\":{\"@type\":\"PropertyValueSpecification\",\"valueRequired\":true,\"valueName\":\"search_term_string\"}}],\"inLanguage\":\"fi\"}]}<\/script>\n<!-- \/ Yoast SEO plugin. -->","yoast_head_json":{"title":"2.3 \"L3\" Moottori [esim. Mazda 3, 6, CX-7]","description":"Yksi moottoreista, joita meill\u00e4 on usein saatavilla. L\u00e4het\u00e4 kysely ja saat tarjouksen 24 tunnin sis\u00e4ll\u00e4. Moottorit, vaihteistot ja muut auton osat takuulla.","robots":{"index":"index","follow":"follow","max-snippet":"max-snippet:-1","max-image-preview":"max-image-preview:large","max-video-preview":"max-video-preview:-1"},"canonical":"https:\/\/autopartscenter24.com\/fi\/auton-varaosat\/2-3-l3-moottori-esim-mazda-3-6-cx-7\/","og_locale":"fi_FI","og_type":"article","og_title":"2.3 \"L3\" Moottori [esim. Mazda 3, 6, CX-7]","og_description":"Yksi moottoreista, joita meill\u00e4 on usein saatavilla. L\u00e4het\u00e4 kysely ja saat tarjouksen 24 tunnin sis\u00e4ll\u00e4. Moottorit, vaihteistot ja muut auton osat takuulla.","og_url":"https:\/\/autopartscenter24.com\/fi\/auton-varaosat\/2-3-l3-moottori-esim-mazda-3-6-cx-7\/","og_site_name":"Autopartscenter24","article_modified_time":"2023-03-10T18:22:16+00:00","og_image":[{"width":800,"height":600,"url":"https:\/\/aliceblue-termite-662564.hostingersite.com\/wp-content\/uploads\/2023\/03\/MAZDA-6-GY-GG-2-3-L3.webp","type":"image\/webp"}],"twitter_card":"summary_large_image","twitter_misc":{"Arvioitu lukuaika":"1 minuutti"},"schema":{"@context":"https:\/\/schema.org","@graph":[{"@type":"WebPage","@id":"https:\/\/aliceblue-termite-662564.hostingersite.com\/auton-varaosat\/2-3-l3-moottori-esim-mazda-3-6-cx-7\/","url":"https:\/\/aliceblue-termite-662564.hostingersite.com\/auton-varaosat\/2-3-l3-moottori-esim-mazda-3-6-cx-7\/","name":"2.3 \"L3\" Moottori [esim. Mazda 3, 6, CX-7]","isPartOf":{"@id":"https:\/\/autopartscenter24.com\/#website"},"primaryImageOfPage":{"@id":"https:\/\/aliceblue-termite-662564.hostingersite.com\/auton-varaosat\/2-3-l3-moottori-esim-mazda-3-6-cx-7\/#primaryimage"},"image":{"@id":"https:\/\/aliceblue-termite-662564.hostingersite.com\/auton-varaosat\/2-3-l3-moottori-esim-mazda-3-6-cx-7\/#primaryimage"},"thumbnailUrl":"https:\/\/autopartscenter24.com\/wp-content\/uploads\/2023\/03\/MAZDA-6-GY-GG-2-3-L3.webp","datePublished":"2023-03-04T17:18:11+00:00","dateModified":"2023-03-10T18:22:16+00:00","description":"Yksi moottoreista, joita meill\u00e4 on usein saatavilla. L\u00e4het\u00e4 kysely ja saat tarjouksen 24 tunnin sis\u00e4ll\u00e4. Moottorit, vaihteistot ja muut auton osat takuulla.","breadcrumb":{"@id":"https:\/\/aliceblue-termite-662564.hostingersite.com\/auton-varaosat\/2-3-l3-moottori-esim-mazda-3-6-cx-7\/#breadcrumb"},"inLanguage":"fi","potentialAction":[{"@type":"ReadAction","target":["https:\/\/aliceblue-termite-662564.hostingersite.com\/auton-varaosat\/2-3-l3-moottori-esim-mazda-3-6-cx-7\/"]}]},{"@type":"ImageObject","inLanguage":"fi","@id":"https:\/\/aliceblue-termite-662564.hostingersite.com\/auton-varaosat\/2-3-l3-moottori-esim-mazda-3-6-cx-7\/#primaryimage","url":"https:\/\/autopartscenter24.com\/wp-content\/uploads\/2023\/03\/MAZDA-6-GY-GG-2-3-L3.webp","contentUrl":"https:\/\/autopartscenter24.com\/wp-content\/uploads\/2023\/03\/MAZDA-6-GY-GG-2-3-L3.webp","width":800,"height":600},{"@type":"BreadcrumbList","@id":"https:\/\/aliceblue-termite-662564.hostingersite.com\/auton-varaosat\/2-3-l3-moottori-esim-mazda-3-6-cx-7\/#breadcrumb","itemListElement":[{"@type":"ListItem","position":1,"name":"Etusivu","item":"https:\/\/aliceblue-termite-662564.hostingersite.com\/"},{"@type":"ListItem","position":2,"name":"Auton varaosat","item":"https:\/\/aliceblue-termite-662564.hostingersite.com\/auton-varaosat\/"},{"@type":"ListItem","position":3,"name":"2.3 &#8221;L3&#8221; Moottori [esim. Mazda 3, 6, CX-7]"}]},{"@type":"WebSite","@id":"https:\/\/autopartscenter24.com\/#website","url":"https:\/\/autopartscenter24.com\/","name":"Autopartscenter24","description":"K\u00c4YTETYT JA KUNNOSTETUT  AUTON VARAOSAT","potentialAction":[{"@type":"SearchAction","target":{"@type":"EntryPoint","urlTemplate":"https:\/\/autopartscenter24.com\/?s={search_term_string}"},"query-input":{"@type":"PropertyValueSpecification","valueRequired":true,"valueName":"search_term_string"}}],"inLanguage":"fi"}]}},"_links":{"self":[{"href":"https:\/\/autopartscenter24.com\/fi\/wp-json\/wp\/v2\/product\/3572","targetHints":{"allow":["GET"]}}],"collection":[{"href":"https:\/\/autopartscenter24.com\/fi\/wp-json\/wp\/v2\/product"}],"about":[{"href":"https:\/\/autopartscenter24.com\/fi\/wp-json\/wp\/v2\/types\/product"}],"wp:featuredmedia":[{"embeddable":true,"href":"https:\/\/autopartscenter24.com\/fi\/wp-json\/wp\/v2\/media\/4336"}],"wp:attachment":[{"href":"https:\/\/autopartscenter24.com\/fi\/wp-json\/wp\/v2\/media?parent=3572"}],"wp:term":[{"taxonomy":"product_brand","embeddable":true,"href":"https:\/\/autopartscenter24.com\/fi\/wp-json\/wp\/v2\/product_brand?post=3572"},{"taxonomy":"product_cat","embeddable":true,"href":"https:\/\/autopartscenter24.com\/fi\/wp-json\/wp\/v2\/product_cat?post=3572"},{"taxonomy":"product_tag","embeddable":true,"href":"https:\/\/autopartscenter24.com\/fi\/wp-json\/wp\/v2\/product_tag?post=3572"}],"curies":[{"name":"wp","href":"https:\/\/api.w.org\/{rel}","templated":true}]}}