{"id":3565,"date":"2023-03-04T17:55:53","date_gmt":"2023-03-04T16:55:53","guid":{"rendered":"https:\/\/autopartscenter24.com\/?post_type=product&#038;p=3565"},"modified":"2023-03-10T19:22:00","modified_gmt":"2023-03-10T18:22:00","slug":"1-8-4n13-moottori-mitsubishi","status":"publish","type":"product","link":"https:\/\/autopartscenter24.com\/fi\/auton-varaosat\/1-8-4n13-moottori-mitsubishi\/","title":{"rendered":"1.8 &#8221;4N13&#8221; Moottori [esim. Mitsubishi ASX, Outlander, Lancer]"},"content":{"rendered":"<p><strong>Mitsubishi 1.8 litran moottori<\/strong>, jonka <strong>moottorikoodi on 4N13<\/strong>, on turboahdettu dieselmoottori. Se esiteltiin ensimm\u00e4isen kerran vuonna 2009 ja sit\u00e4 on k\u00e4ytetty useissa Mitsubishi-malleissa, kuten ASX, Outlander ja Lancer.<\/p>\n<p>4N13-moottorissa on alumiininen sylinterikansi, jossa on valurautainen vuoraus, sek\u00e4 kaksoisyl\u00e4puolinen nokka-akseli (DOHC) ja nelj\u00e4 venttiili\u00e4 per sylinteri. Moottorissa on my\u00f6s yhteispaineruiskutusj\u00e4rjestelm\u00e4, joka toimittaa polttoaineen moottoriin korkeassa paineessa yhteispaineputken kautta. T\u00e4m\u00e4 j\u00e4rjestelm\u00e4 tarjoaa paremman polttoainetehokkuuden ja pienemm\u00e4t p\u00e4\u00e4st\u00f6t verrattuna vanhempiin polttoaineen ruiskutusj\u00e4rjestelmiin.<\/p>\n<p>Moottori on varustettu muuttuvageometrisella turboahtimella, joka s\u00e4\u00e4t\u00e4\u00e4 turboahtimen lapakulmat optimoimaan tehostuksen eri moottorinopeuksilla. T\u00e4m\u00e4 ominaisuus parantaa moottorin vasteaikaa ja polttoainetehokkuutta. Moottorissa on my\u00f6s dieselhiukkassuodatin (DPF), joka auttaa v\u00e4hent\u00e4m\u00e4\u00e4n p\u00e4\u00e4st\u00f6j\u00e4.<\/p>\n<p>4N13-moottorissa on enimm\u00e4isteho 150 hevosvoimaa (110 kW) 4 000 rpm:n kohdalla ja huippuv\u00e4\u00e4nt\u00f6momentti 300 Nm (221 lb-ft) 2 000 rpm:n kohdalla. Moottori on kytketty kuusivaihteiseen manuaali- tai automaattivaihteistoon, mallista riippuen.<\/p>\n<p>Lis\u00e4ksi 4N13-moottoria on k\u00e4ytetty joissakin Peugeot 4007- ja Citroen C-Crosser -SUV-malleissa. Kaiken kaikkiaan Mitsubishi 1.8 litran moottori, jonka moottorikoodi on 4N13, on luotettava ja tehokas dieselmoottori, joka tarjoaa hyv\u00e4n suorituskyvyn ja polttoainetalouden.<\/p>\n","protected":false},"excerpt":{"rendered":"<ul>\n<li>Mitsubishi ASX (2010-present)<\/li>\n<li>Mitsubishi Outlander (2010-2012)<\/li>\n<li>Mitsubishi Lancer (2009-2017)<\/li>\n<li>Peugeot 4007 (2009-2012)<\/li>\n<li>Citroen C-Crosser (2009-2012)<\/li>\n<\/ul>\n","protected":false},"featured_media":4331,"template":"","meta":[],"product_brand":[],"product_cat":[310],"product_tag":[311,313,312],"class_list":{"0":"post-3565","1":"product","2":"type-product","3":"status-publish","4":"has-post-thumbnail","6":"product_cat-mitsubishi","7":"product_tag-asx","8":"product_tag-lancer","9":"product_tag-outlander","10":"pa_varaosan-osasto-moottori","13":"first","14":"instock","15":"shipping-taxable","16":"product-type-simple"},"yoast_head":"<!-- This site is optimized with the Yoast SEO plugin v26.8 - https:\/\/yoast.com\/product\/yoast-seo-wordpress\/ -->\n<title>1.8 &quot;4N13&quot; Moottori [esim. Mitsubishi ASX, Outlander, Lancer]<\/title>\n<meta name=\"description\" content=\"Yksi moottoreista, joita meill\u00e4 on usein saatavilla. L\u00e4het\u00e4 kysely ja saat tarjouksen 24 tunnin sis\u00e4ll\u00e4. Moottorit, vaihteistot ja muut auton osat takuulla.\" \/>\n<meta name=\"robots\" content=\"index, follow, max-snippet:-1, max-image-preview:large, max-video-preview:-1\" \/>\n<link rel=\"canonical\" href=\"https:\/\/autopartscenter24.com\/fi\/auton-varaosat\/1-8-4n13-moottori-mitsubishi\/\" \/>\n<meta property=\"og:locale\" content=\"fi_FI\" \/>\n<meta property=\"og:type\" content=\"article\" \/>\n<meta property=\"og:title\" content=\"1.8 &quot;4N13&quot; Moottori [esim. Mitsubishi ASX, Outlander, Lancer]\" \/>\n<meta property=\"og:description\" content=\"Yksi moottoreista, joita meill\u00e4 on usein saatavilla. L\u00e4het\u00e4 kysely ja saat tarjouksen 24 tunnin sis\u00e4ll\u00e4. Moottorit, vaihteistot ja muut auton osat takuulla.\" \/>\n<meta property=\"og:url\" content=\"https:\/\/autopartscenter24.com\/fi\/auton-varaosat\/1-8-4n13-moottori-mitsubishi\/\" \/>\n<meta property=\"og:site_name\" content=\"Autopartscenter24\" \/>\n<meta property=\"article:modified_time\" content=\"2023-03-10T18:22:00+00:00\" \/>\n<meta property=\"og:image\" content=\"https:\/\/aliceblue-termite-662564.hostingersite.com\/wp-content\/uploads\/2023\/03\/MITSUBISHI-ASX-LANCER-VIII-1-8-DID-4N13-moottori.webp\" \/>\n\t<meta property=\"og:image:width\" content=\"800\" \/>\n\t<meta property=\"og:image:height\" content=\"600\" \/>\n\t<meta property=\"og:image:type\" content=\"image\/webp\" \/>\n<meta name=\"twitter:card\" content=\"summary_large_image\" \/>\n<meta name=\"twitter:label1\" content=\"Arvioitu lukuaika\" \/>\n\t<meta name=\"twitter:data1\" content=\"1 minuutti\" \/>\n<script type=\"application\/ld+json\" class=\"yoast-schema-graph\">{\"@context\":\"https:\/\/schema.org\",\"@graph\":[{\"@type\":\"WebPage\",\"@id\":\"https:\/\/aliceblue-termite-662564.hostingersite.com\/auton-varaosat\/1-8-4n13-moottori-mitsubishi\/\",\"url\":\"https:\/\/aliceblue-termite-662564.hostingersite.com\/auton-varaosat\/1-8-4n13-moottori-mitsubishi\/\",\"name\":\"1.8 \\\"4N13\\\" Moottori [esim. Mitsubishi ASX, Outlander, Lancer]\",\"isPartOf\":{\"@id\":\"https:\/\/autopartscenter24.com\/#website\"},\"primaryImageOfPage\":{\"@id\":\"https:\/\/aliceblue-termite-662564.hostingersite.com\/auton-varaosat\/1-8-4n13-moottori-mitsubishi\/#primaryimage\"},\"image\":{\"@id\":\"https:\/\/aliceblue-termite-662564.hostingersite.com\/auton-varaosat\/1-8-4n13-moottori-mitsubishi\/#primaryimage\"},\"thumbnailUrl\":\"https:\/\/autopartscenter24.com\/wp-content\/uploads\/2023\/03\/MITSUBISHI-ASX-LANCER-VIII-1-8-DID-4N13-moottori.webp\",\"datePublished\":\"2023-03-04T16:55:53+00:00\",\"dateModified\":\"2023-03-10T18:22:00+00:00\",\"description\":\"Yksi moottoreista, joita meill\u00e4 on usein saatavilla. L\u00e4het\u00e4 kysely ja saat tarjouksen 24 tunnin sis\u00e4ll\u00e4. Moottorit, vaihteistot ja muut auton osat takuulla.\",\"breadcrumb\":{\"@id\":\"https:\/\/aliceblue-termite-662564.hostingersite.com\/auton-varaosat\/1-8-4n13-moottori-mitsubishi\/#breadcrumb\"},\"inLanguage\":\"fi\",\"potentialAction\":[{\"@type\":\"ReadAction\",\"target\":[\"https:\/\/aliceblue-termite-662564.hostingersite.com\/auton-varaosat\/1-8-4n13-moottori-mitsubishi\/\"]}]},{\"@type\":\"ImageObject\",\"inLanguage\":\"fi\",\"@id\":\"https:\/\/aliceblue-termite-662564.hostingersite.com\/auton-varaosat\/1-8-4n13-moottori-mitsubishi\/#primaryimage\",\"url\":\"https:\/\/autopartscenter24.com\/wp-content\/uploads\/2023\/03\/MITSUBISHI-ASX-LANCER-VIII-1-8-DID-4N13-moottori.webp\",\"contentUrl\":\"https:\/\/autopartscenter24.com\/wp-content\/uploads\/2023\/03\/MITSUBISHI-ASX-LANCER-VIII-1-8-DID-4N13-moottori.webp\",\"width\":800,\"height\":600},{\"@type\":\"BreadcrumbList\",\"@id\":\"https:\/\/aliceblue-termite-662564.hostingersite.com\/auton-varaosat\/1-8-4n13-moottori-mitsubishi\/#breadcrumb\",\"itemListElement\":[{\"@type\":\"ListItem\",\"position\":1,\"name\":\"Etusivu\",\"item\":\"https:\/\/aliceblue-termite-662564.hostingersite.com\/\"},{\"@type\":\"ListItem\",\"position\":2,\"name\":\"Auton varaosat\",\"item\":\"https:\/\/aliceblue-termite-662564.hostingersite.com\/auton-varaosat\/\"},{\"@type\":\"ListItem\",\"position\":3,\"name\":\"1.8 &#8221;4N13&#8221; Moottori [esim. Mitsubishi ASX, Outlander, Lancer]\"}]},{\"@type\":\"WebSite\",\"@id\":\"https:\/\/autopartscenter24.com\/#website\",\"url\":\"https:\/\/autopartscenter24.com\/\",\"name\":\"Autopartscenter24\",\"description\":\"K\u00c4YTETYT JA KUNNOSTETUT  AUTON VARAOSAT\",\"potentialAction\":[{\"@type\":\"SearchAction\",\"target\":{\"@type\":\"EntryPoint\",\"urlTemplate\":\"https:\/\/autopartscenter24.com\/?s={search_term_string}\"},\"query-input\":{\"@type\":\"PropertyValueSpecification\",\"valueRequired\":true,\"valueName\":\"search_term_string\"}}],\"inLanguage\":\"fi\"}]}<\/script>\n<!-- \/ Yoast SEO plugin. -->","yoast_head_json":{"title":"1.8 \"4N13\" Moottori [esim. Mitsubishi ASX, Outlander, Lancer]","description":"Yksi moottoreista, joita meill\u00e4 on usein saatavilla. L\u00e4het\u00e4 kysely ja saat tarjouksen 24 tunnin sis\u00e4ll\u00e4. Moottorit, vaihteistot ja muut auton osat takuulla.","robots":{"index":"index","follow":"follow","max-snippet":"max-snippet:-1","max-image-preview":"max-image-preview:large","max-video-preview":"max-video-preview:-1"},"canonical":"https:\/\/autopartscenter24.com\/fi\/auton-varaosat\/1-8-4n13-moottori-mitsubishi\/","og_locale":"fi_FI","og_type":"article","og_title":"1.8 \"4N13\" Moottori [esim. Mitsubishi ASX, Outlander, Lancer]","og_description":"Yksi moottoreista, joita meill\u00e4 on usein saatavilla. L\u00e4het\u00e4 kysely ja saat tarjouksen 24 tunnin sis\u00e4ll\u00e4. Moottorit, vaihteistot ja muut auton osat takuulla.","og_url":"https:\/\/autopartscenter24.com\/fi\/auton-varaosat\/1-8-4n13-moottori-mitsubishi\/","og_site_name":"Autopartscenter24","article_modified_time":"2023-03-10T18:22:00+00:00","og_image":[{"width":800,"height":600,"url":"https:\/\/aliceblue-termite-662564.hostingersite.com\/wp-content\/uploads\/2023\/03\/MITSUBISHI-ASX-LANCER-VIII-1-8-DID-4N13-moottori.webp","type":"image\/webp"}],"twitter_card":"summary_large_image","twitter_misc":{"Arvioitu lukuaika":"1 minuutti"},"schema":{"@context":"https:\/\/schema.org","@graph":[{"@type":"WebPage","@id":"https:\/\/aliceblue-termite-662564.hostingersite.com\/auton-varaosat\/1-8-4n13-moottori-mitsubishi\/","url":"https:\/\/aliceblue-termite-662564.hostingersite.com\/auton-varaosat\/1-8-4n13-moottori-mitsubishi\/","name":"1.8 \"4N13\" Moottori [esim. Mitsubishi ASX, Outlander, Lancer]","isPartOf":{"@id":"https:\/\/autopartscenter24.com\/#website"},"primaryImageOfPage":{"@id":"https:\/\/aliceblue-termite-662564.hostingersite.com\/auton-varaosat\/1-8-4n13-moottori-mitsubishi\/#primaryimage"},"image":{"@id":"https:\/\/aliceblue-termite-662564.hostingersite.com\/auton-varaosat\/1-8-4n13-moottori-mitsubishi\/#primaryimage"},"thumbnailUrl":"https:\/\/autopartscenter24.com\/wp-content\/uploads\/2023\/03\/MITSUBISHI-ASX-LANCER-VIII-1-8-DID-4N13-moottori.webp","datePublished":"2023-03-04T16:55:53+00:00","dateModified":"2023-03-10T18:22:00+00:00","description":"Yksi moottoreista, joita meill\u00e4 on usein saatavilla. L\u00e4het\u00e4 kysely ja saat tarjouksen 24 tunnin sis\u00e4ll\u00e4. Moottorit, vaihteistot ja muut auton osat takuulla.","breadcrumb":{"@id":"https:\/\/aliceblue-termite-662564.hostingersite.com\/auton-varaosat\/1-8-4n13-moottori-mitsubishi\/#breadcrumb"},"inLanguage":"fi","potentialAction":[{"@type":"ReadAction","target":["https:\/\/aliceblue-termite-662564.hostingersite.com\/auton-varaosat\/1-8-4n13-moottori-mitsubishi\/"]}]},{"@type":"ImageObject","inLanguage":"fi","@id":"https:\/\/aliceblue-termite-662564.hostingersite.com\/auton-varaosat\/1-8-4n13-moottori-mitsubishi\/#primaryimage","url":"https:\/\/autopartscenter24.com\/wp-content\/uploads\/2023\/03\/MITSUBISHI-ASX-LANCER-VIII-1-8-DID-4N13-moottori.webp","contentUrl":"https:\/\/autopartscenter24.com\/wp-content\/uploads\/2023\/03\/MITSUBISHI-ASX-LANCER-VIII-1-8-DID-4N13-moottori.webp","width":800,"height":600},{"@type":"BreadcrumbList","@id":"https:\/\/aliceblue-termite-662564.hostingersite.com\/auton-varaosat\/1-8-4n13-moottori-mitsubishi\/#breadcrumb","itemListElement":[{"@type":"ListItem","position":1,"name":"Etusivu","item":"https:\/\/aliceblue-termite-662564.hostingersite.com\/"},{"@type":"ListItem","position":2,"name":"Auton varaosat","item":"https:\/\/aliceblue-termite-662564.hostingersite.com\/auton-varaosat\/"},{"@type":"ListItem","position":3,"name":"1.8 &#8221;4N13&#8221; Moottori [esim. Mitsubishi ASX, Outlander, Lancer]"}]},{"@type":"WebSite","@id":"https:\/\/autopartscenter24.com\/#website","url":"https:\/\/autopartscenter24.com\/","name":"Autopartscenter24","description":"K\u00c4YTETYT JA KUNNOSTETUT  AUTON VARAOSAT","potentialAction":[{"@type":"SearchAction","target":{"@type":"EntryPoint","urlTemplate":"https:\/\/autopartscenter24.com\/?s={search_term_string}"},"query-input":{"@type":"PropertyValueSpecification","valueRequired":true,"valueName":"search_term_string"}}],"inLanguage":"fi"}]}},"_links":{"self":[{"href":"https:\/\/autopartscenter24.com\/fi\/wp-json\/wp\/v2\/product\/3565","targetHints":{"allow":["GET"]}}],"collection":[{"href":"https:\/\/autopartscenter24.com\/fi\/wp-json\/wp\/v2\/product"}],"about":[{"href":"https:\/\/autopartscenter24.com\/fi\/wp-json\/wp\/v2\/types\/product"}],"wp:featuredmedia":[{"embeddable":true,"href":"https:\/\/autopartscenter24.com\/fi\/wp-json\/wp\/v2\/media\/4331"}],"wp:attachment":[{"href":"https:\/\/autopartscenter24.com\/fi\/wp-json\/wp\/v2\/media?parent=3565"}],"wp:term":[{"taxonomy":"product_brand","embeddable":true,"href":"https:\/\/autopartscenter24.com\/fi\/wp-json\/wp\/v2\/product_brand?post=3565"},{"taxonomy":"product_cat","embeddable":true,"href":"https:\/\/autopartscenter24.com\/fi\/wp-json\/wp\/v2\/product_cat?post=3565"},{"taxonomy":"product_tag","embeddable":true,"href":"https:\/\/autopartscenter24.com\/fi\/wp-json\/wp\/v2\/product_tag?post=3565"}],"curies":[{"name":"wp","href":"https:\/\/api.w.org\/{rel}","templated":true}]}}