{"id":3559,"date":"2023-03-04T17:44:00","date_gmt":"2023-03-04T16:44:00","guid":{"rendered":"https:\/\/autopartscenter24.com\/?post_type=product&#038;p=3559"},"modified":"2023-03-10T19:21:37","modified_gmt":"2023-03-10T18:21:37","slug":"2-0-tdi-bpw-moottori-vw-audi-seat-skoda","status":"publish","type":"product","link":"https:\/\/autopartscenter24.com\/fi\/auton-varaosat\/2-0-tdi-bpw-moottori-vw-audi-seat-skoda\/","title":{"rendered":"2.0 TDI &#8221;BPW&#8221; Moottori [esim. Golf, Passat, A3, A4, Octavia, Leon]"},"content":{"rendered":"<p><strong>2.0 TDI-moottori<\/strong>, jonka moottorikoodi on <strong>BPW<\/strong>, on dieselmoottori, jonka on kehitt\u00e4nyt Volkswagen AG. Se on ahdettu nelisylinterinen moottori, jonka tilavuus on 2,0 litraa, ja se esiteltiin ensimm\u00e4isen kerran vuonna 2005. T\u00e4m\u00e4 moottori on osa &#8221;EA189&#8221; moottoriperhett\u00e4, jota k\u00e4ytettiin eri Volkswagen-konsernin autoissa.<\/p>\n<p>BPW-moottorissa on yhteispaineruiskutusj\u00e4rjestelm\u00e4, joka sy\u00f6tt\u00e4\u00e4 polttoainetta korkeassa paineessa moottoriin yhteisell\u00e4 paineputkella. T\u00e4m\u00e4 j\u00e4rjestelm\u00e4 tarjoaa paremman polttoainetehokkuuden ja pienemm\u00e4t p\u00e4\u00e4st\u00f6t verrattuna vanhempiin ruiskutusj\u00e4rjestelmiin. Moottorissa on my\u00f6s ahdin, jonka muuttuva geometria s\u00e4\u00e4t\u00e4\u00e4 lapojen kulmia optimoidakseen ahdinpuristuksen eri moottorinopeuksilla.<\/p>\n<p>BPW-moottorissa on enimm\u00e4isteho 140 hevosvoimaa (103 kW) 4 000 kierroksella minuutissa ja huippuv\u00e4\u00e4nt\u00f6momentti 320 Nm (236 lb-ft) 1 750-2 500 kierroksella minuutissa. Moottori on yhdistetty joko 6-vaihteisen manuaali- tai 6-vaihteisen automaattivaihteiston kanssa riippuen automallista.<\/p>\n<p>BPW-moottori on asennettu erilaisiin Volkswagen-konsernin automalleihin, mukaan lukien Volkswagen Golf Mk5, Volkswagen Passat B6, Audi A3 8P, Audi A4 B7 ja Skoda Octavia Mk2. Moottori on asennettu my\u00f6s muihin Volkswagen-konsernin tyt\u00e4ryhti\u00f6iden autoihin, kuten SEAT Leon Mk2 ja Volkswagen Jetta Mk5.<\/p>\n<p>Kaiken kaikkiaan 2.0 TDI-moottori, jonka moottorikoodi on BPW, on luotettava ja tehokas dieselmoottori, jota on k\u00e4ytetty monissa Volkswagen-konsernin autoissa. Sen kehittynyt polttoainesuihkutusj\u00e4rjestelm\u00e4 ja ahdinteknologia tekev\u00e4t siit\u00e4 suositun valinnan kuljettajille, jotka arvostavat suorituskyky\u00e4 ja polttoainetehokkuutta.<\/p>\n","protected":false},"excerpt":{"rendered":"<ul>\n<li>Volkswagen Golf Mk5 (2004-2008)<\/li>\n<li>Volkswagen Passat B6 (2005-2010)<\/li>\n<li>Audi A3 8P (2003-2012)<\/li>\n<li>Audi A4 B7 (2005-2008)<\/li>\n<li>Skoda Octavia Mk2 (2004-2013)<\/li>\n<li>SEAT Leon Mk2 (2005-2012)<\/li>\n<li>Volkswagen Jetta Mk5 (2005-2010)<\/li>\n<\/ul>\n","protected":false},"featured_media":3560,"template":"","meta":[],"product_brand":[],"product_cat":[300,309,302,301],"product_tag":[304,345,348,347,346],"class_list":{"0":"post-3559","1":"product","2":"type-product","3":"status-publish","4":"has-post-thumbnail","6":"product_cat-audi","7":"product_cat-seat","8":"product_cat-skoda","9":"product_cat-vw","10":"product_tag-a4","11":"product_tag-golf","12":"product_tag-leon","13":"product_tag-octavia","14":"product_tag-passata3","15":"pa_varaosan-osasto-moottori","18":"first","19":"instock","20":"shipping-taxable","21":"product-type-simple"},"yoast_head":"<!-- This site is optimized with the Yoast SEO plugin v26.8 - https:\/\/yoast.com\/product\/yoast-seo-wordpress\/ -->\n<title>2.0 TDI &quot;BPW&quot; Moottori [esim. Golf, Passat, A3, A4, Octavia, Leon]<\/title>\n<meta name=\"description\" content=\"Yksi moottoreista, joita meill\u00e4 on usein saatavilla. L\u00e4het\u00e4 kysely ja saat tarjouksen 24 tunnin sis\u00e4ll\u00e4. Moottorit, vaihteistot ja muut auton osat takuulla.\" \/>\n<meta name=\"robots\" content=\"index, follow, max-snippet:-1, max-image-preview:large, max-video-preview:-1\" \/>\n<link rel=\"canonical\" href=\"https:\/\/autopartscenter24.com\/fi\/auton-varaosat\/2-0-tdi-bpw-moottori-vw-audi-seat-skoda\/\" \/>\n<meta property=\"og:locale\" content=\"fi_FI\" \/>\n<meta property=\"og:type\" content=\"article\" \/>\n<meta property=\"og:title\" content=\"2.0 TDI &quot;BPW&quot; Moottori [esim. Golf, Passat, A3, A4, Octavia, Leon]\" \/>\n<meta property=\"og:description\" content=\"Yksi moottoreista, joita meill\u00e4 on usein saatavilla. L\u00e4het\u00e4 kysely ja saat tarjouksen 24 tunnin sis\u00e4ll\u00e4. Moottorit, vaihteistot ja muut auton osat takuulla.\" \/>\n<meta property=\"og:url\" content=\"https:\/\/autopartscenter24.com\/fi\/auton-varaosat\/2-0-tdi-bpw-moottori-vw-audi-seat-skoda\/\" \/>\n<meta property=\"og:site_name\" content=\"Autopartscenter24\" \/>\n<meta property=\"article:modified_time\" content=\"2023-03-10T18:21:37+00:00\" \/>\n<meta property=\"og:image\" content=\"https:\/\/aliceblue-termite-662564.hostingersite.com\/wp-content\/uploads\/2023\/03\/2.0-TDI-BPW-moottori.jpg\" \/>\n\t<meta property=\"og:image:width\" content=\"800\" \/>\n\t<meta property=\"og:image:height\" content=\"600\" \/>\n\t<meta property=\"og:image:type\" content=\"image\/jpeg\" \/>\n<meta name=\"twitter:card\" content=\"summary_large_image\" \/>\n<meta name=\"twitter:label1\" content=\"Arvioitu lukuaika\" \/>\n\t<meta name=\"twitter:data1\" content=\"1 minuutti\" \/>\n<script type=\"application\/ld+json\" class=\"yoast-schema-graph\">{\"@context\":\"https:\/\/schema.org\",\"@graph\":[{\"@type\":\"WebPage\",\"@id\":\"https:\/\/aliceblue-termite-662564.hostingersite.com\/auton-varaosat\/2-0-tdi-bpw-moottori-vw-audi-seat-skoda\/\",\"url\":\"https:\/\/aliceblue-termite-662564.hostingersite.com\/auton-varaosat\/2-0-tdi-bpw-moottori-vw-audi-seat-skoda\/\",\"name\":\"2.0 TDI \\\"BPW\\\" Moottori [esim. Golf, Passat, A3, A4, Octavia, Leon]\",\"isPartOf\":{\"@id\":\"https:\/\/autopartscenter24.com\/#website\"},\"primaryImageOfPage\":{\"@id\":\"https:\/\/aliceblue-termite-662564.hostingersite.com\/auton-varaosat\/2-0-tdi-bpw-moottori-vw-audi-seat-skoda\/#primaryimage\"},\"image\":{\"@id\":\"https:\/\/aliceblue-termite-662564.hostingersite.com\/auton-varaosat\/2-0-tdi-bpw-moottori-vw-audi-seat-skoda\/#primaryimage\"},\"thumbnailUrl\":\"https:\/\/autopartscenter24.com\/wp-content\/uploads\/2023\/03\/2.0-TDI-BPW-moottori.jpg\",\"datePublished\":\"2023-03-04T16:44:00+00:00\",\"dateModified\":\"2023-03-10T18:21:37+00:00\",\"description\":\"Yksi moottoreista, joita meill\u00e4 on usein saatavilla. L\u00e4het\u00e4 kysely ja saat tarjouksen 24 tunnin sis\u00e4ll\u00e4. Moottorit, vaihteistot ja muut auton osat takuulla.\",\"breadcrumb\":{\"@id\":\"https:\/\/aliceblue-termite-662564.hostingersite.com\/auton-varaosat\/2-0-tdi-bpw-moottori-vw-audi-seat-skoda\/#breadcrumb\"},\"inLanguage\":\"fi\",\"potentialAction\":[{\"@type\":\"ReadAction\",\"target\":[\"https:\/\/aliceblue-termite-662564.hostingersite.com\/auton-varaosat\/2-0-tdi-bpw-moottori-vw-audi-seat-skoda\/\"]}]},{\"@type\":\"ImageObject\",\"inLanguage\":\"fi\",\"@id\":\"https:\/\/aliceblue-termite-662564.hostingersite.com\/auton-varaosat\/2-0-tdi-bpw-moottori-vw-audi-seat-skoda\/#primaryimage\",\"url\":\"https:\/\/autopartscenter24.com\/wp-content\/uploads\/2023\/03\/2.0-TDI-BPW-moottori.jpg\",\"contentUrl\":\"https:\/\/autopartscenter24.com\/wp-content\/uploads\/2023\/03\/2.0-TDI-BPW-moottori.jpg\",\"width\":800,\"height\":600},{\"@type\":\"BreadcrumbList\",\"@id\":\"https:\/\/aliceblue-termite-662564.hostingersite.com\/auton-varaosat\/2-0-tdi-bpw-moottori-vw-audi-seat-skoda\/#breadcrumb\",\"itemListElement\":[{\"@type\":\"ListItem\",\"position\":1,\"name\":\"Etusivu\",\"item\":\"https:\/\/aliceblue-termite-662564.hostingersite.com\/\"},{\"@type\":\"ListItem\",\"position\":2,\"name\":\"Auton varaosat\",\"item\":\"https:\/\/aliceblue-termite-662564.hostingersite.com\/auton-varaosat\/\"},{\"@type\":\"ListItem\",\"position\":3,\"name\":\"2.0 TDI &#8221;BPW&#8221; Moottori [esim. Golf, Passat, A3, A4, Octavia, Leon]\"}]},{\"@type\":\"WebSite\",\"@id\":\"https:\/\/autopartscenter24.com\/#website\",\"url\":\"https:\/\/autopartscenter24.com\/\",\"name\":\"Autopartscenter24\",\"description\":\"K\u00c4YTETYT JA KUNNOSTETUT  AUTON VARAOSAT\",\"potentialAction\":[{\"@type\":\"SearchAction\",\"target\":{\"@type\":\"EntryPoint\",\"urlTemplate\":\"https:\/\/autopartscenter24.com\/?s={search_term_string}\"},\"query-input\":{\"@type\":\"PropertyValueSpecification\",\"valueRequired\":true,\"valueName\":\"search_term_string\"}}],\"inLanguage\":\"fi\"}]}<\/script>\n<!-- \/ Yoast SEO plugin. -->","yoast_head_json":{"title":"2.0 TDI \"BPW\" Moottori [esim. Golf, Passat, A3, A4, Octavia, Leon]","description":"Yksi moottoreista, joita meill\u00e4 on usein saatavilla. L\u00e4het\u00e4 kysely ja saat tarjouksen 24 tunnin sis\u00e4ll\u00e4. Moottorit, vaihteistot ja muut auton osat takuulla.","robots":{"index":"index","follow":"follow","max-snippet":"max-snippet:-1","max-image-preview":"max-image-preview:large","max-video-preview":"max-video-preview:-1"},"canonical":"https:\/\/autopartscenter24.com\/fi\/auton-varaosat\/2-0-tdi-bpw-moottori-vw-audi-seat-skoda\/","og_locale":"fi_FI","og_type":"article","og_title":"2.0 TDI \"BPW\" Moottori [esim. Golf, Passat, A3, A4, Octavia, Leon]","og_description":"Yksi moottoreista, joita meill\u00e4 on usein saatavilla. L\u00e4het\u00e4 kysely ja saat tarjouksen 24 tunnin sis\u00e4ll\u00e4. Moottorit, vaihteistot ja muut auton osat takuulla.","og_url":"https:\/\/autopartscenter24.com\/fi\/auton-varaosat\/2-0-tdi-bpw-moottori-vw-audi-seat-skoda\/","og_site_name":"Autopartscenter24","article_modified_time":"2023-03-10T18:21:37+00:00","og_image":[{"width":800,"height":600,"url":"https:\/\/aliceblue-termite-662564.hostingersite.com\/wp-content\/uploads\/2023\/03\/2.0-TDI-BPW-moottori.jpg","type":"image\/jpeg"}],"twitter_card":"summary_large_image","twitter_misc":{"Arvioitu lukuaika":"1 minuutti"},"schema":{"@context":"https:\/\/schema.org","@graph":[{"@type":"WebPage","@id":"https:\/\/aliceblue-termite-662564.hostingersite.com\/auton-varaosat\/2-0-tdi-bpw-moottori-vw-audi-seat-skoda\/","url":"https:\/\/aliceblue-termite-662564.hostingersite.com\/auton-varaosat\/2-0-tdi-bpw-moottori-vw-audi-seat-skoda\/","name":"2.0 TDI \"BPW\" Moottori [esim. Golf, Passat, A3, A4, Octavia, Leon]","isPartOf":{"@id":"https:\/\/autopartscenter24.com\/#website"},"primaryImageOfPage":{"@id":"https:\/\/aliceblue-termite-662564.hostingersite.com\/auton-varaosat\/2-0-tdi-bpw-moottori-vw-audi-seat-skoda\/#primaryimage"},"image":{"@id":"https:\/\/aliceblue-termite-662564.hostingersite.com\/auton-varaosat\/2-0-tdi-bpw-moottori-vw-audi-seat-skoda\/#primaryimage"},"thumbnailUrl":"https:\/\/autopartscenter24.com\/wp-content\/uploads\/2023\/03\/2.0-TDI-BPW-moottori.jpg","datePublished":"2023-03-04T16:44:00+00:00","dateModified":"2023-03-10T18:21:37+00:00","description":"Yksi moottoreista, joita meill\u00e4 on usein saatavilla. L\u00e4het\u00e4 kysely ja saat tarjouksen 24 tunnin sis\u00e4ll\u00e4. Moottorit, vaihteistot ja muut auton osat takuulla.","breadcrumb":{"@id":"https:\/\/aliceblue-termite-662564.hostingersite.com\/auton-varaosat\/2-0-tdi-bpw-moottori-vw-audi-seat-skoda\/#breadcrumb"},"inLanguage":"fi","potentialAction":[{"@type":"ReadAction","target":["https:\/\/aliceblue-termite-662564.hostingersite.com\/auton-varaosat\/2-0-tdi-bpw-moottori-vw-audi-seat-skoda\/"]}]},{"@type":"ImageObject","inLanguage":"fi","@id":"https:\/\/aliceblue-termite-662564.hostingersite.com\/auton-varaosat\/2-0-tdi-bpw-moottori-vw-audi-seat-skoda\/#primaryimage","url":"https:\/\/autopartscenter24.com\/wp-content\/uploads\/2023\/03\/2.0-TDI-BPW-moottori.jpg","contentUrl":"https:\/\/autopartscenter24.com\/wp-content\/uploads\/2023\/03\/2.0-TDI-BPW-moottori.jpg","width":800,"height":600},{"@type":"BreadcrumbList","@id":"https:\/\/aliceblue-termite-662564.hostingersite.com\/auton-varaosat\/2-0-tdi-bpw-moottori-vw-audi-seat-skoda\/#breadcrumb","itemListElement":[{"@type":"ListItem","position":1,"name":"Etusivu","item":"https:\/\/aliceblue-termite-662564.hostingersite.com\/"},{"@type":"ListItem","position":2,"name":"Auton varaosat","item":"https:\/\/aliceblue-termite-662564.hostingersite.com\/auton-varaosat\/"},{"@type":"ListItem","position":3,"name":"2.0 TDI &#8221;BPW&#8221; Moottori [esim. Golf, Passat, A3, A4, Octavia, Leon]"}]},{"@type":"WebSite","@id":"https:\/\/autopartscenter24.com\/#website","url":"https:\/\/autopartscenter24.com\/","name":"Autopartscenter24","description":"K\u00c4YTETYT JA KUNNOSTETUT  AUTON VARAOSAT","potentialAction":[{"@type":"SearchAction","target":{"@type":"EntryPoint","urlTemplate":"https:\/\/autopartscenter24.com\/?s={search_term_string}"},"query-input":{"@type":"PropertyValueSpecification","valueRequired":true,"valueName":"search_term_string"}}],"inLanguage":"fi"}]}},"_links":{"self":[{"href":"https:\/\/autopartscenter24.com\/fi\/wp-json\/wp\/v2\/product\/3559","targetHints":{"allow":["GET"]}}],"collection":[{"href":"https:\/\/autopartscenter24.com\/fi\/wp-json\/wp\/v2\/product"}],"about":[{"href":"https:\/\/autopartscenter24.com\/fi\/wp-json\/wp\/v2\/types\/product"}],"wp:featuredmedia":[{"embeddable":true,"href":"https:\/\/autopartscenter24.com\/fi\/wp-json\/wp\/v2\/media\/3560"}],"wp:attachment":[{"href":"https:\/\/autopartscenter24.com\/fi\/wp-json\/wp\/v2\/media?parent=3559"}],"wp:term":[{"taxonomy":"product_brand","embeddable":true,"href":"https:\/\/autopartscenter24.com\/fi\/wp-json\/wp\/v2\/product_brand?post=3559"},{"taxonomy":"product_cat","embeddable":true,"href":"https:\/\/autopartscenter24.com\/fi\/wp-json\/wp\/v2\/product_cat?post=3559"},{"taxonomy":"product_tag","embeddable":true,"href":"https:\/\/autopartscenter24.com\/fi\/wp-json\/wp\/v2\/product_tag?post=3559"}],"curies":[{"name":"wp","href":"https:\/\/api.w.org\/{rel}","templated":true}]}}