{"id":3471,"date":"2023-02-10T18:48:02","date_gmt":"2023-02-10T17:48:02","guid":{"rendered":"https:\/\/autopartscenter24.com\/?post_type=product&#038;p=3471"},"modified":"2023-03-10T19:16:39","modified_gmt":"2023-03-10T18:16:39","slug":"1-6-tdi-cay-moottori","status":"publish","type":"product","link":"https:\/\/autopartscenter24.com\/fi\/auton-varaosat\/1-6-tdi-cay-moottori\/","title":{"rendered":"1.6 TDI &#8221;CAY&#8221; Moottori [esim. Golf, Passat, Touran, Octavia, Altea]"},"content":{"rendered":"<p><span style=\"color: #000000;\">Volkswagenin valmistama <strong>1.6 TDI-moottori (moottorikoodi: CAY)<\/strong> on 4-sylinterinen dieselmoottori. 1.6 litran iskutilavuudella ja <\/span><span style=\"color: #000000;\">16-venttiilisell\u00e4 DOHC-konfiguraatiolla suunniteltu CAY-moottori on tarkoitettu kompakteille ajoneuvoille ja tarjoaa suorituskyvyn ja polttoaineen tehokkuuden tasapainon.<\/span><\/p>\n<p><span style=\"color: #000000;\">Moottori on varustettu suorasuihkutuspolttoainej\u00e4rjestelm\u00e4ll\u00e4 ja Bosch EDC16 moottorinohjauksella, mik\u00e4 parantaa polttoaineen taloudellisuutta ja v\u00e4hent\u00e4\u00e4 p\u00e4\u00e4st\u00f6j\u00e4. Tehoalue vaihtelee 81-103 kW:n v\u00e4lill\u00e4 ja v\u00e4\u00e4nt\u00f6momentti 250-320 Nm:n v\u00e4lill\u00e4, mik\u00e4 tekee siit\u00e4 sopivan ajoneuvoille, jotka tarvitsevat alhainen-keskitehoista voimantuotantoa.<\/span><\/p>\n<p><span style=\"color: #000000;\">1.6 TDI CAY-moottori k\u00e4ytt\u00e4\u00e4 kevytt\u00e4 alumiinista valmistettua moottorikotia ja se voidaan yhdist\u00e4\u00e4 joko 5-vaihteisen manuaalivaihteiston tai 6-vaihteisen automaattivaihteiston kanssa. Moottori on suunniteltu olemaan polttoaineen tehokas, ja polttoaineen kulutus on yleens\u00e4 4,5-5,0 litraa 100 km kohti.<\/span><\/p>\n<p><span style=\"color: #000000;\">Teknisilt\u00e4 tiedoiltaan 1.6 TDI CAY-moottori on kompressiosuhde 16,5:1, mik\u00e4 auttaa tarjoamaan hyv\u00e4n alhaisen v\u00e4\u00e4nt\u00f6momentin. Mootto<\/span><span style=\"color: #000000;\">ri on varustettu muuttuvan geometrian turbokompressorilla, mik\u00e4 auttaa parantamaan kaasutusreaktiota ja tehoaluetta. Moottori on my\u00f6s huolto-ilmainen dieselhiukkassuodatin, joka auttaa v\u00e4hent\u00e4m\u00e4\u00e4n hiukkasp\u00e4\u00e4st\u00f6j\u00e4.<\/span><\/p>\n<p><span style=\"color: #000000;\">Yleisesti ottaen 1.6 TDI CAY-moottori on luotettava ja tehokas moottori, joka sopii erinomaisesti kompakteille ajoneuvoille. S\u00e4\u00e4nn\u00f6llisell\u00e4 huollolla ja asianmukaisella k\u00e4yt\u00f6ll\u00e4 moottori voi tarjota useita vuosia luotettavaa palvelua.<\/span><\/p>\n","protected":false},"excerpt":{"rendered":"<ul>\n<li>Volkswagen Golf (2009-2012)<\/li>\n<li>Volkswagen Golf Plus (2009-2013)<\/li>\n<li>Volkswagen Jetta (2009-2010)<\/li>\n<li>Volkswagen Passat (2009-2010)<\/li>\n<li>Volkswagen Touran (2010-2015)<\/li>\n<li>Audi A1 (2011-2018)<\/li>\n<li>Audi A3 (2009-2013)<\/li>\n<li>Audi Q3 (2012-2018)<\/li>\n<li>\u0160koda Octavia (2009-2013)<\/li>\n<li>\u0160koda Yeti (2010-2013)<\/li>\n<li>Seat Altea (2009-2010)<\/li>\n<li>Seat Exeo (2009-2013)<\/li>\n<\/ul>\n","protected":false},"featured_media":4321,"template":"","meta":[],"product_brand":[],"product_cat":[300,309,302,301],"product_tag":[351,303,354,355,345,347,349,352,350,353],"class_list":{"0":"post-3471","1":"product","2":"type-product","3":"status-publish","4":"has-post-thumbnail","6":"product_cat-audi","7":"product_cat-seat","8":"product_cat-skoda","9":"product_cat-vw","10":"product_tag-a1","11":"product_tag-a3","12":"product_tag-altea","13":"product_tag-exeo","14":"product_tag-golf","15":"product_tag-octavia","16":"product_tag-passat","17":"product_tag-q3","18":"product_tag-touran","19":"product_tag-yeti","20":"pa_varaosan-osasto-moottori","23":"first","24":"instock","25":"featured","26":"shipping-taxable","27":"product-type-simple"},"yoast_head":"<!-- This site is optimized with the Yoast SEO plugin v26.8 - https:\/\/yoast.com\/product\/yoast-seo-wordpress\/ -->\n<title>1.6 TDI &quot;CAY&quot; Moottori [esim. Golf, Passat, Touran, Octavia, Altea]<\/title>\n<meta name=\"description\" content=\"Yksi moottoreista, joita meill\u00e4 on usein saatavilla. L\u00e4het\u00e4 kysely ja saat tarjouksen 24 tunnin sis\u00e4ll\u00e4. Moottorit, vaihteistot ja muut auton osat takuulla.\" \/>\n<meta name=\"robots\" content=\"index, follow, max-snippet:-1, max-image-preview:large, max-video-preview:-1\" \/>\n<link rel=\"canonical\" href=\"https:\/\/autopartscenter24.com\/fi\/auton-varaosat\/1-6-tdi-cay-moottori\/\" \/>\n<meta property=\"og:locale\" content=\"fi_FI\" \/>\n<meta property=\"og:type\" content=\"article\" \/>\n<meta property=\"og:title\" content=\"1.6 TDI &quot;CAY&quot; Moottori [esim. Golf, Passat, Touran, Octavia, Altea]\" \/>\n<meta property=\"og:description\" content=\"Yksi moottoreista, joita meill\u00e4 on usein saatavilla. L\u00e4het\u00e4 kysely ja saat tarjouksen 24 tunnin sis\u00e4ll\u00e4. Moottorit, vaihteistot ja muut auton osat takuulla.\" \/>\n<meta property=\"og:url\" content=\"https:\/\/autopartscenter24.com\/fi\/auton-varaosat\/1-6-tdi-cay-moottori\/\" \/>\n<meta property=\"og:site_name\" content=\"Autopartscenter24\" \/>\n<meta property=\"article:modified_time\" content=\"2023-03-10T18:16:39+00:00\" \/>\n<meta property=\"og:image\" content=\"https:\/\/aliceblue-termite-662564.hostingersite.com\/wp-content\/uploads\/2023\/02\/1.6-TDI_CAY_moottori.webp\" \/>\n\t<meta property=\"og:image:width\" content=\"800\" \/>\n\t<meta property=\"og:image:height\" content=\"600\" \/>\n\t<meta property=\"og:image:type\" content=\"image\/webp\" \/>\n<meta name=\"twitter:card\" content=\"summary_large_image\" \/>\n<meta name=\"twitter:label1\" content=\"Arvioitu lukuaika\" \/>\n\t<meta name=\"twitter:data1\" content=\"1 minuutti\" \/>\n<script type=\"application\/ld+json\" class=\"yoast-schema-graph\">{\"@context\":\"https:\/\/schema.org\",\"@graph\":[{\"@type\":\"WebPage\",\"@id\":\"https:\/\/aliceblue-termite-662564.hostingersite.com\/auton-varaosat\/1-6-tdi-cay-moottori\/\",\"url\":\"https:\/\/aliceblue-termite-662564.hostingersite.com\/auton-varaosat\/1-6-tdi-cay-moottori\/\",\"name\":\"1.6 TDI \\\"CAY\\\" Moottori [esim. Golf, Passat, Touran, Octavia, Altea]\",\"isPartOf\":{\"@id\":\"https:\/\/autopartscenter24.com\/#website\"},\"primaryImageOfPage\":{\"@id\":\"https:\/\/aliceblue-termite-662564.hostingersite.com\/auton-varaosat\/1-6-tdi-cay-moottori\/#primaryimage\"},\"image\":{\"@id\":\"https:\/\/aliceblue-termite-662564.hostingersite.com\/auton-varaosat\/1-6-tdi-cay-moottori\/#primaryimage\"},\"thumbnailUrl\":\"https:\/\/autopartscenter24.com\/wp-content\/uploads\/2023\/02\/1.6-TDI_CAY_moottori.webp\",\"datePublished\":\"2023-02-10T17:48:02+00:00\",\"dateModified\":\"2023-03-10T18:16:39+00:00\",\"description\":\"Yksi moottoreista, joita meill\u00e4 on usein saatavilla. L\u00e4het\u00e4 kysely ja saat tarjouksen 24 tunnin sis\u00e4ll\u00e4. Moottorit, vaihteistot ja muut auton osat takuulla.\",\"breadcrumb\":{\"@id\":\"https:\/\/aliceblue-termite-662564.hostingersite.com\/auton-varaosat\/1-6-tdi-cay-moottori\/#breadcrumb\"},\"inLanguage\":\"fi\",\"potentialAction\":[{\"@type\":\"ReadAction\",\"target\":[\"https:\/\/aliceblue-termite-662564.hostingersite.com\/auton-varaosat\/1-6-tdi-cay-moottori\/\"]}]},{\"@type\":\"ImageObject\",\"inLanguage\":\"fi\",\"@id\":\"https:\/\/aliceblue-termite-662564.hostingersite.com\/auton-varaosat\/1-6-tdi-cay-moottori\/#primaryimage\",\"url\":\"https:\/\/autopartscenter24.com\/wp-content\/uploads\/2023\/02\/1.6-TDI_CAY_moottori.webp\",\"contentUrl\":\"https:\/\/autopartscenter24.com\/wp-content\/uploads\/2023\/02\/1.6-TDI_CAY_moottori.webp\",\"width\":800,\"height\":600},{\"@type\":\"BreadcrumbList\",\"@id\":\"https:\/\/aliceblue-termite-662564.hostingersite.com\/auton-varaosat\/1-6-tdi-cay-moottori\/#breadcrumb\",\"itemListElement\":[{\"@type\":\"ListItem\",\"position\":1,\"name\":\"Etusivu\",\"item\":\"https:\/\/aliceblue-termite-662564.hostingersite.com\/\"},{\"@type\":\"ListItem\",\"position\":2,\"name\":\"Auton varaosat\",\"item\":\"https:\/\/aliceblue-termite-662564.hostingersite.com\/auton-varaosat\/\"},{\"@type\":\"ListItem\",\"position\":3,\"name\":\"1.6 TDI &#8221;CAY&#8221; Moottori [esim. Golf, Passat, Touran, Octavia, Altea]\"}]},{\"@type\":\"WebSite\",\"@id\":\"https:\/\/autopartscenter24.com\/#website\",\"url\":\"https:\/\/autopartscenter24.com\/\",\"name\":\"Autopartscenter24\",\"description\":\"K\u00c4YTETYT JA KUNNOSTETUT  AUTON VARAOSAT\",\"potentialAction\":[{\"@type\":\"SearchAction\",\"target\":{\"@type\":\"EntryPoint\",\"urlTemplate\":\"https:\/\/autopartscenter24.com\/?s={search_term_string}\"},\"query-input\":{\"@type\":\"PropertyValueSpecification\",\"valueRequired\":true,\"valueName\":\"search_term_string\"}}],\"inLanguage\":\"fi\"}]}<\/script>\n<!-- \/ Yoast SEO plugin. -->","yoast_head_json":{"title":"1.6 TDI \"CAY\" Moottori [esim. Golf, Passat, Touran, Octavia, Altea]","description":"Yksi moottoreista, joita meill\u00e4 on usein saatavilla. L\u00e4het\u00e4 kysely ja saat tarjouksen 24 tunnin sis\u00e4ll\u00e4. Moottorit, vaihteistot ja muut auton osat takuulla.","robots":{"index":"index","follow":"follow","max-snippet":"max-snippet:-1","max-image-preview":"max-image-preview:large","max-video-preview":"max-video-preview:-1"},"canonical":"https:\/\/autopartscenter24.com\/fi\/auton-varaosat\/1-6-tdi-cay-moottori\/","og_locale":"fi_FI","og_type":"article","og_title":"1.6 TDI \"CAY\" Moottori [esim. Golf, Passat, Touran, Octavia, Altea]","og_description":"Yksi moottoreista, joita meill\u00e4 on usein saatavilla. L\u00e4het\u00e4 kysely ja saat tarjouksen 24 tunnin sis\u00e4ll\u00e4. Moottorit, vaihteistot ja muut auton osat takuulla.","og_url":"https:\/\/autopartscenter24.com\/fi\/auton-varaosat\/1-6-tdi-cay-moottori\/","og_site_name":"Autopartscenter24","article_modified_time":"2023-03-10T18:16:39+00:00","og_image":[{"width":800,"height":600,"url":"https:\/\/aliceblue-termite-662564.hostingersite.com\/wp-content\/uploads\/2023\/02\/1.6-TDI_CAY_moottori.webp","type":"image\/webp"}],"twitter_card":"summary_large_image","twitter_misc":{"Arvioitu lukuaika":"1 minuutti"},"schema":{"@context":"https:\/\/schema.org","@graph":[{"@type":"WebPage","@id":"https:\/\/aliceblue-termite-662564.hostingersite.com\/auton-varaosat\/1-6-tdi-cay-moottori\/","url":"https:\/\/aliceblue-termite-662564.hostingersite.com\/auton-varaosat\/1-6-tdi-cay-moottori\/","name":"1.6 TDI \"CAY\" Moottori [esim. Golf, Passat, Touran, Octavia, Altea]","isPartOf":{"@id":"https:\/\/autopartscenter24.com\/#website"},"primaryImageOfPage":{"@id":"https:\/\/aliceblue-termite-662564.hostingersite.com\/auton-varaosat\/1-6-tdi-cay-moottori\/#primaryimage"},"image":{"@id":"https:\/\/aliceblue-termite-662564.hostingersite.com\/auton-varaosat\/1-6-tdi-cay-moottori\/#primaryimage"},"thumbnailUrl":"https:\/\/autopartscenter24.com\/wp-content\/uploads\/2023\/02\/1.6-TDI_CAY_moottori.webp","datePublished":"2023-02-10T17:48:02+00:00","dateModified":"2023-03-10T18:16:39+00:00","description":"Yksi moottoreista, joita meill\u00e4 on usein saatavilla. L\u00e4het\u00e4 kysely ja saat tarjouksen 24 tunnin sis\u00e4ll\u00e4. Moottorit, vaihteistot ja muut auton osat takuulla.","breadcrumb":{"@id":"https:\/\/aliceblue-termite-662564.hostingersite.com\/auton-varaosat\/1-6-tdi-cay-moottori\/#breadcrumb"},"inLanguage":"fi","potentialAction":[{"@type":"ReadAction","target":["https:\/\/aliceblue-termite-662564.hostingersite.com\/auton-varaosat\/1-6-tdi-cay-moottori\/"]}]},{"@type":"ImageObject","inLanguage":"fi","@id":"https:\/\/aliceblue-termite-662564.hostingersite.com\/auton-varaosat\/1-6-tdi-cay-moottori\/#primaryimage","url":"https:\/\/autopartscenter24.com\/wp-content\/uploads\/2023\/02\/1.6-TDI_CAY_moottori.webp","contentUrl":"https:\/\/autopartscenter24.com\/wp-content\/uploads\/2023\/02\/1.6-TDI_CAY_moottori.webp","width":800,"height":600},{"@type":"BreadcrumbList","@id":"https:\/\/aliceblue-termite-662564.hostingersite.com\/auton-varaosat\/1-6-tdi-cay-moottori\/#breadcrumb","itemListElement":[{"@type":"ListItem","position":1,"name":"Etusivu","item":"https:\/\/aliceblue-termite-662564.hostingersite.com\/"},{"@type":"ListItem","position":2,"name":"Auton varaosat","item":"https:\/\/aliceblue-termite-662564.hostingersite.com\/auton-varaosat\/"},{"@type":"ListItem","position":3,"name":"1.6 TDI &#8221;CAY&#8221; Moottori [esim. Golf, Passat, Touran, Octavia, Altea]"}]},{"@type":"WebSite","@id":"https:\/\/autopartscenter24.com\/#website","url":"https:\/\/autopartscenter24.com\/","name":"Autopartscenter24","description":"K\u00c4YTETYT JA KUNNOSTETUT  AUTON VARAOSAT","potentialAction":[{"@type":"SearchAction","target":{"@type":"EntryPoint","urlTemplate":"https:\/\/autopartscenter24.com\/?s={search_term_string}"},"query-input":{"@type":"PropertyValueSpecification","valueRequired":true,"valueName":"search_term_string"}}],"inLanguage":"fi"}]}},"_links":{"self":[{"href":"https:\/\/autopartscenter24.com\/fi\/wp-json\/wp\/v2\/product\/3471","targetHints":{"allow":["GET"]}}],"collection":[{"href":"https:\/\/autopartscenter24.com\/fi\/wp-json\/wp\/v2\/product"}],"about":[{"href":"https:\/\/autopartscenter24.com\/fi\/wp-json\/wp\/v2\/types\/product"}],"wp:featuredmedia":[{"embeddable":true,"href":"https:\/\/autopartscenter24.com\/fi\/wp-json\/wp\/v2\/media\/4321"}],"wp:attachment":[{"href":"https:\/\/autopartscenter24.com\/fi\/wp-json\/wp\/v2\/media?parent=3471"}],"wp:term":[{"taxonomy":"product_brand","embeddable":true,"href":"https:\/\/autopartscenter24.com\/fi\/wp-json\/wp\/v2\/product_brand?post=3471"},{"taxonomy":"product_cat","embeddable":true,"href":"https:\/\/autopartscenter24.com\/fi\/wp-json\/wp\/v2\/product_cat?post=3471"},{"taxonomy":"product_tag","embeddable":true,"href":"https:\/\/autopartscenter24.com\/fi\/wp-json\/wp\/v2\/product_tag?post=3471"}],"curies":[{"name":"wp","href":"https:\/\/api.w.org\/{rel}","templated":true}]}}