{"id":433,"date":"2019-07-19T17:10:31","date_gmt":"2019-07-19T15:10:31","guid":{"rendered":"https:\/\/autopartscenter24.com\/?page_id=433"},"modified":"2019-07-23T11:02:05","modified_gmt":"2019-07-23T09:02:05","slug":"datenschutzerklaerung","status":"publish","type":"page","link":"https:\/\/autopartscenter24.com\/de\/datenschutzerklaerung\/","title":{"rendered":"Datenschutzerkl\u00e4rung"},"content":{"rendered":"<div id=\"cs-content\" class=\"cs-content\"><\/div>\n","protected":false},"excerpt":{"rendered":"<p>Datenschutzerkl&auml;rung Zur zeit ist die Datenschutzerkl&auml;rung nur in der Englischen Sprache verf&uuml;gbar.&nbsp; Kontaktieren sie uns, falls etwas Sie etwas nicht verstehen.&nbsp;1. An overview of data protectionGeneral The following gives a simple overview of what happens to your personal information when you visit our website. Personal information is any data with which you could be personally identified. Detailed information on the &#8230;<\/p>\n","protected":false},"author":1,"featured_media":0,"parent":0,"menu_order":0,"comment_status":"closed","ping_status":"closed","template":"","meta":{"footnotes":""},"class_list":["post-433","page","type-page","status-publish","hentry","no-post-thumbnail"],"yoast_head":"<!-- This site is optimized with the Yoast SEO plugin v26.8 - https:\/\/yoast.com\/product\/yoast-seo-wordpress\/ -->\n<title>Datenschutzerkl\u00e4rung - Autopartscenter24<\/title>\n<meta name=\"description\" content=\"Gebrauchte und \u00fcberholte Motoren, Getriebe &amp; andere Autoteile f\u00fcr Autos ab 1995 bis 2019 zu vern\u00fcnftigen Preisen - Versand nach Finnland, Schweden Norwegen\" \/>\n<meta name=\"robots\" content=\"index, follow, max-snippet:-1, max-image-preview:large, max-video-preview:-1\" \/>\n<link rel=\"canonical\" href=\"https:\/\/autopartscenter24.com\/de\/tietosuojakaytanto\/\" \/>\n<meta property=\"og:locale\" content=\"de_DE\" \/>\n<meta property=\"og:type\" content=\"article\" \/>\n<meta property=\"og:title\" content=\"Datenschutzerkl\u00e4rung - Autopartscenter24\" \/>\n<meta property=\"og:description\" content=\"Gebrauchte und \u00fcberholte Motoren, Getriebe &amp; andere Autoteile f\u00fcr Autos ab 1995 bis 2019 zu vern\u00fcnftigen Preisen - Versand nach Finnland, Schweden Norwegen\" \/>\n<meta property=\"og:url\" content=\"https:\/\/autopartscenter24.com\/de\/tietosuojakaytanto\/\" \/>\n<meta property=\"og:site_name\" content=\"Autopartscenter24\" \/>\n<meta property=\"article:modified_time\" content=\"2019-07-23T09:02:05+00:00\" \/>\n<meta name=\"twitter:card\" content=\"summary_large_image\" \/>\n<script type=\"application\/ld+json\" class=\"yoast-schema-graph\">{\"@context\":\"https:\/\/schema.org\",\"@graph\":[{\"@type\":\"WebPage\",\"@id\":\"https:\/\/aliceblue-termite-662564.hostingersite.com\/tietosuojakaytanto\/\",\"url\":\"https:\/\/aliceblue-termite-662564.hostingersite.com\/tietosuojakaytanto\/\",\"name\":\"Datenschutzerkl\u00e4rung - Autopartscenter24\",\"isPartOf\":{\"@id\":\"https:\/\/autopartscenter24.com\/#website\"},\"datePublished\":\"2019-07-19T15:10:31+00:00\",\"dateModified\":\"2019-07-23T09:02:05+00:00\",\"description\":\"Gebrauchte und \u00fcberholte Motoren, Getriebe & andere Autoteile f\u00fcr Autos ab 1995 bis 2019 zu vern\u00fcnftigen Preisen - Versand nach Finnland, Schweden Norwegen\",\"breadcrumb\":{\"@id\":\"https:\/\/aliceblue-termite-662564.hostingersite.com\/tietosuojakaytanto\/#breadcrumb\"},\"inLanguage\":\"de\",\"potentialAction\":[{\"@type\":\"ReadAction\",\"target\":[\"https:\/\/aliceblue-termite-662564.hostingersite.com\/tietosuojakaytanto\/\"]}]},{\"@type\":\"BreadcrumbList\",\"@id\":\"https:\/\/aliceblue-termite-662564.hostingersite.com\/tietosuojakaytanto\/#breadcrumb\",\"itemListElement\":[{\"@type\":\"ListItem\",\"position\":1,\"name\":\"Start\",\"item\":\"https:\/\/aliceblue-termite-662564.hostingersite.com\/\"},{\"@type\":\"ListItem\",\"position\":2,\"name\":\"Datenschutzerkl\u00e4rung\"}]},{\"@type\":\"WebSite\",\"@id\":\"https:\/\/autopartscenter24.com\/#website\",\"url\":\"https:\/\/autopartscenter24.com\/\",\"name\":\"Autopartscenter24\",\"description\":\"K\u00c4YTETYT JA KUNNOSTETUT  AUTON VARAOSAT\",\"potentialAction\":[{\"@type\":\"SearchAction\",\"target\":{\"@type\":\"EntryPoint\",\"urlTemplate\":\"https:\/\/autopartscenter24.com\/?s={search_term_string}\"},\"query-input\":{\"@type\":\"PropertyValueSpecification\",\"valueRequired\":true,\"valueName\":\"search_term_string\"}}],\"inLanguage\":\"de\"}]}<\/script>\n<!-- \/ Yoast SEO plugin. -->","yoast_head_json":{"title":"Datenschutzerkl\u00e4rung - Autopartscenter24","description":"Gebrauchte und \u00fcberholte Motoren, Getriebe & andere Autoteile f\u00fcr Autos ab 1995 bis 2019 zu vern\u00fcnftigen Preisen - Versand nach Finnland, Schweden Norwegen","robots":{"index":"index","follow":"follow","max-snippet":"max-snippet:-1","max-image-preview":"max-image-preview:large","max-video-preview":"max-video-preview:-1"},"canonical":"https:\/\/autopartscenter24.com\/de\/tietosuojakaytanto\/","og_locale":"de_DE","og_type":"article","og_title":"Datenschutzerkl\u00e4rung - Autopartscenter24","og_description":"Gebrauchte und \u00fcberholte Motoren, Getriebe & andere Autoteile f\u00fcr Autos ab 1995 bis 2019 zu vern\u00fcnftigen Preisen - Versand nach Finnland, Schweden Norwegen","og_url":"https:\/\/autopartscenter24.com\/de\/tietosuojakaytanto\/","og_site_name":"Autopartscenter24","article_modified_time":"2019-07-23T09:02:05+00:00","twitter_card":"summary_large_image","schema":{"@context":"https:\/\/schema.org","@graph":[{"@type":"WebPage","@id":"https:\/\/aliceblue-termite-662564.hostingersite.com\/tietosuojakaytanto\/","url":"https:\/\/aliceblue-termite-662564.hostingersite.com\/tietosuojakaytanto\/","name":"Datenschutzerkl\u00e4rung - Autopartscenter24","isPartOf":{"@id":"https:\/\/autopartscenter24.com\/#website"},"datePublished":"2019-07-19T15:10:31+00:00","dateModified":"2019-07-23T09:02:05+00:00","description":"Gebrauchte und \u00fcberholte Motoren, Getriebe & andere Autoteile f\u00fcr Autos ab 1995 bis 2019 zu vern\u00fcnftigen Preisen - Versand nach Finnland, Schweden Norwegen","breadcrumb":{"@id":"https:\/\/aliceblue-termite-662564.hostingersite.com\/tietosuojakaytanto\/#breadcrumb"},"inLanguage":"de","potentialAction":[{"@type":"ReadAction","target":["https:\/\/aliceblue-termite-662564.hostingersite.com\/tietosuojakaytanto\/"]}]},{"@type":"BreadcrumbList","@id":"https:\/\/aliceblue-termite-662564.hostingersite.com\/tietosuojakaytanto\/#breadcrumb","itemListElement":[{"@type":"ListItem","position":1,"name":"Start","item":"https:\/\/aliceblue-termite-662564.hostingersite.com\/"},{"@type":"ListItem","position":2,"name":"Datenschutzerkl\u00e4rung"}]},{"@type":"WebSite","@id":"https:\/\/autopartscenter24.com\/#website","url":"https:\/\/autopartscenter24.com\/","name":"Autopartscenter24","description":"K\u00c4YTETYT JA KUNNOSTETUT  AUTON VARAOSAT","potentialAction":[{"@type":"SearchAction","target":{"@type":"EntryPoint","urlTemplate":"https:\/\/autopartscenter24.com\/?s={search_term_string}"},"query-input":{"@type":"PropertyValueSpecification","valueRequired":true,"valueName":"search_term_string"}}],"inLanguage":"de"}]}},"_links":{"self":[{"href":"https:\/\/autopartscenter24.com\/de\/wp-json\/wp\/v2\/pages\/433","targetHints":{"allow":["GET"]}}],"collection":[{"href":"https:\/\/autopartscenter24.com\/de\/wp-json\/wp\/v2\/pages"}],"about":[{"href":"https:\/\/autopartscenter24.com\/de\/wp-json\/wp\/v2\/types\/page"}],"author":[{"embeddable":true,"href":"https:\/\/autopartscenter24.com\/de\/wp-json\/wp\/v2\/users\/1"}],"replies":[{"embeddable":true,"href":"https:\/\/autopartscenter24.com\/de\/wp-json\/wp\/v2\/comments?post=433"}],"version-history":[{"count":0,"href":"https:\/\/autopartscenter24.com\/de\/wp-json\/wp\/v2\/pages\/433\/revisions"}],"wp:attachment":[{"href":"https:\/\/autopartscenter24.com\/de\/wp-json\/wp\/v2\/media?parent=433"}],"curies":[{"name":"wp","href":"https:\/\/api.w.org\/{rel}","templated":true}]}}